{"id":10994,"date":"2025-11-19T17:09:06","date_gmt":"2025-11-19T16:09:06","guid":{"rendered":"https:\/\/www.design2chill.com\/vips\/"},"modified":"2026-04-29T16:16:00","modified_gmt":"2026-04-29T14:16:00","slug":"ausstellungsraum","status":"publish","type":"page","link":"https:\/\/www.design2chill.com\/de\/ausstellungsraum\/","title":{"rendered":"Ausstellungsraum"},"content":{"rendered":"<p><div class=\"fusion-fullwidth fullwidth-box fusion-builder-row-1 fusion-flex-container has-pattern-background has-mask-background hundred-percent-fullwidth non-hundred-percent-height-scrolling\" style=\"--awb-background-position:left top;--awb-border-sizes-top:0px;--awb-border-sizes-bottom:0px;--awb-border-sizes-left:0px;--awb-border-sizes-right:0px;--awb-border-radius-top-left:0px;--awb-border-radius-top-right:0px;--awb-border-radius-bottom-right:0px;--awb-border-radius-bottom-left:0px;--awb-padding-top:0px;--awb-padding-right:10%;--awb-padding-bottom:0px;--awb-padding-left:10%;--awb-margin-top:4%;--awb-margin-top-medium:7%;--awb-margin-top-small:7%;--awb-flex-wrap:wrap;\" ><div class=\"fusion-builder-row fusion-row fusion-flex-align-items-flex-start fusion-flex-content-wrap\" style=\"width:104% !important;max-width:104% !important;margin-left: calc(-4% \/ 2 );margin-right: calc(-4% \/ 2 );\"><div class=\"fusion-layout-column fusion_builder_column fusion-builder-column-0 fusion_builder_column_4_5 4_5 fusion-flex-column fusion-flex-align-self-flex-start fusion-column-no-min-height\" style=\"--awb-bg-size:cover;--awb-width-large:80%;--awb-margin-top-large:0px;--awb-spacing-right-large:2.4%;--awb-margin-bottom-large:0px;--awb-spacing-left-large:2.4%;--awb-width-medium:100%;--awb-order-medium:0;--awb-spacing-right-medium:1.92%;--awb-spacing-left-medium:1.92%;--awb-width-small:100%;--awb-order-small:0;--awb-spacing-right-small:1.92%;--awb-spacing-left-small:1.92%;\" data-scroll-devices=\"small-visibility,medium-visibility,large-visibility\"><div class=\"fusion-column-wrapper fusion-column-has-shadow fusion-flex-justify-content-flex-start fusion-content-layout-column\"><div class=\"fusion-title title fusion-title-1 fusion-sep-none fusion-title-text fusion-title-size-two\" style=\"--awb-text-color:#1d1d1b;--awb-margin-top-small:0px;--awb-margin-right-small:0px;--awb-margin-bottom-small:20px;--awb-margin-left-small:0px;--awb-font-size:28px;\"><h2 class=\"fusion-title-heading title-heading-left fusion-responsive-typography-calculated\" style=\"font-family:&quot;Work Sans&quot;;font-style:normal;font-weight:400;margin:0;text-transform:uppercase;font-size:1em;--fontSize:28;line-height:1.26;\">Design2Chill im Showroom: \u00dcberzeugen Sie sich selbst!<\/h2><\/div><div class=\"fusion-text fusion-text-1\" style=\"--awb-font-size:16px;--awb-line-height:1.76;--awb-letter-spacing:0px;--awb-text-color:#1d1d1b;--awb-text-font-family:&quot;Work Sans&quot;;--awb-text-font-style:normal;--awb-text-font-weight:400;\"><p>Ein Besuch sagt mehr als tausend Worte. In unserem Showroom erleben Sie den Unterschied in Qualit\u00e4t, Komfort und Individualisierung.<\/p>\n<p>Sitzkomfort, Stoffqualit\u00e4t und Stabilit\u00e4t der Gestelle lassen sich erst richtig beurteilen, wenn Sie es selbst erleben. In unserem Showroom in Druten sind komplette Design2Chill-Setups so aufgebaut, wie sie auch bei Ihnen zu Hause aussehen w\u00fcrden. Vergleichen Sie <a href=\"https:\/\/www.design2chill.com\/de\/kollektion\/lounge\/\">Lounge<\/a>&#8211; und <a href=\"https:\/\/www.design2chill.com\/de\/kollektion\/dinner\/\">Essgruppen<\/a>, f\u00fchlen Sie die Unterschiede zwischen den Stoffen und sehen Sie, wie Farben und Materialien im Raum harmonieren. Sitzkomfort, Stoffqualit\u00e4t und Stabilit\u00e4t der Gestelle lassen sich erst richtig beurteilen, wenn Sie es selbst erleben.<\/p>\n<p>Wir zeigen Ihnen, was Individualisierung in der Praxis bedeutet: welche Ma\u00dfe Sie w\u00fcnschen, welche Stoffe verf\u00fcgbar sind und wie alles zu einem Setup zusammenpasst, das perfekt in Ihren Au\u00dfenbereich passt.<\/p>\n<p>Wir nehmen uns Zeit f\u00fcr Ihren Besuch. Wir besprechen Ihre individuelle Situation und beraten Sie gezielt nach Ihren W\u00fcnschen.<\/p>\n<\/div><div class=\"fusion-separator fusion-full-width-sep\" style=\"align-self: center;margin-left: auto;margin-right: auto;margin-top:1%;width:100%;\"><\/div><div ><a class=\"fusion-button button-flat button-xlarge button-custom fusion-button-default button-1 fusion-button-default-span fusion-button-default-type\" style=\"--button_accent_color:#b6943a;--button_border_color:#b6943a;--button_accent_hover_color:var(--awb-color1);--button_border_hover_color:#b6943a;--button-border-radius-top-left:15px;--button-border-radius-top-right:15px;--button-border-radius-bottom-right:15px;--button-border-radius-bottom-left:15px;--button_gradient_top_color:rgba(0,0,0,0);--button_gradient_bottom_color:rgba(0,0,0,0);--button_gradient_top_color_hover:#b6943a;--button_gradient_bottom_color_hover:#b6943a;--button_typography-font-family:&quot;Work Sans&quot;;--button_typography-font-style:normal;--button_typography-font-weight:400;\" target=\"_blank\" rel=\"noopener noreferrer\" href=\"https:\/\/www.design2chill.com\/de\/showroom-afspraak\/\"><span class=\"fusion-button-text awb-button__text awb-button__text--default\">Vereinbaren Sie einen Termin in unserem Showroom in Druten<\/span><\/a><\/div><\/div><\/div><\/div><\/div><div class=\"fusion-fullwidth fullwidth-box fusion-builder-row-2 fusion-flex-container has-pattern-background has-mask-background fusion-parallax-none nonhundred-percent-fullwidth non-hundred-percent-height-scrolling lazyload\" style=\"--awb-border-sizes-top:0px;--awb-border-sizes-bottom:0px;--awb-border-sizes-left:0px;--awb-border-sizes-right:0px;--awb-border-radius-top-left:0px;--awb-border-radius-top-right:0px;--awb-border-radius-bottom-right:0px;--awb-border-radius-bottom-left:0px;--awb-padding-top:0px;--awb-padding-bottom:0px;--awb-margin-top:6%;--awb-background-size:cover;--awb-flex-wrap:wrap;\" data-bg=\"https:\/\/www.design2chill.com\/wp-content\/uploads\/2025\/11\/vips_onze_visie.jpg\" ><div class=\"fusion-builder-row fusion-row fusion-flex-align-items-center fusion-flex-content-wrap\" style=\"max-width:calc( 1170px + 0px );margin-left: calc(-0px \/ 2 );margin-right: calc(-0px \/ 2 );\"><div class=\"fusion-layout-column fusion_builder_column fusion-builder-column-1 fusion_builder_column_3_5 3_5 fusion-flex-column fusion-flex-align-self-center fusion-column-no-min-height\" style=\"--awb-padding-top:10%;--awb-padding-right:5%;--awb-padding-bottom:10%;--awb-padding-left:6%;--awb-bg-color:#b6943a;--awb-bg-color-hover:#b6943a;--awb-bg-size:cover;--awb-width-large:60%;--awb-margin-top-large:0px;--awb-spacing-right-large:0px;--awb-margin-bottom-large:0px;--awb-spacing-left-large:0px;--awb-width-medium:100%;--awb-order-medium:0;--awb-spacing-right-medium:0px;--awb-spacing-left-medium:0px;--awb-width-small:100%;--awb-order-small:0;--awb-spacing-right-small:0px;--awb-spacing-left-small:0px;\" data-scroll-devices=\"small-visibility,medium-visibility,large-visibility\"><div class=\"fusion-column-wrapper fusion-column-has-shadow fusion-flex-justify-content-flex-start fusion-content-layout-column\"><div class=\"fusion-title title fusion-title-2 fusion-sep-none fusion-title-text fusion-title-size-two\" style=\"--awb-text-color:var(--awb-color1);--awb-margin-top-small:0px;--awb-margin-right-small:0px;--awb-margin-bottom-small:20px;--awb-margin-left-small:0px;--awb-font-size:28px;\"><h2 class=\"fusion-title-heading title-heading-left fusion-responsive-typography-calculated\" style=\"font-family:&quot;Work Sans&quot;;font-style:normal;font-weight:400;margin:0;text-transform:uppercase;font-size:1em;--fontSize:28;line-height:1.26;\">Very Impressive Products<\/h2><\/div><div class=\"fusion-title title fusion-title-3 fusion-sep-none fusion-title-text fusion-title-size-two\" style=\"--awb-text-color:var(--awb-color1);--awb-margin-top-small:0px;--awb-margin-right-small:0px;--awb-margin-bottom-small:20px;--awb-margin-left-small:0px;--awb-font-size:22px;\"><h2 class=\"fusion-title-heading title-heading-left fusion-responsive-typography-calculated\" style=\"font-family:&quot;Work Sans&quot;;font-style:normal;font-weight:400;margin:0;text-transform:uppercase;font-size:1em;--fontSize:22;--minFontSize:22;line-height:1.26;\">VIPS \u2013 Kooperation f\u00fchrender Outdoor-Marken<\/h2><\/div><div class=\"fusion-text fusion-text-2\" style=\"--awb-text-color:var(--awb-color1);\"><p>Design2Chill befindet sich im VIPS Experience Center in Druten, einem 1.600 m\u00b2 gro\u00dfen Outdoor-Showroom. \u00dcber 20 Premium-Outdoor-Marken pr\u00e4sentieren sich hier unter einem Dach. Von Outdoor-K\u00fcchen und Beleuchtung \u00fcber Accessoires bis hin zu kompletten Outdoor-Einrichtungen.<\/p>\n<p>Sie sehen nicht nur ausgestellte Produkte, sondern erleben, wie alles in vollst\u00e4ndig eingerichteten Outdoor-Bereichen harmonisch zusammenwirkt. So k\u00f6nnen Sie Stile, Materialien und Kombinationen ganz einfach an einem Ort vergleichen.<\/p>\n<\/div><div class=\"fusion-separator fusion-full-width-sep\" style=\"align-self: center;margin-left: auto;margin-right: auto;margin-top:1%;width:100%;\"><\/div><div ><a class=\"fusion-button button-flat button-large button-custom fusion-button-default button-2 fusion-button-default-span fusion-button-default-type\" style=\"--button_accent_color:var(--awb-color1);--button_border_color:var(--awb-color1);--button_accent_hover_color:var(--awb-color1);--button_border_hover_color:var(--awb-color1);--button-border-radius-top-left:15px;--button-border-radius-top-right:15px;--button-border-radius-bottom-right:15px;--button-border-radius-bottom-left:15px;--button_gradient_top_color:rgba(0,0,0,0);--button_gradient_bottom_color:rgba(0,0,0,0);--button_gradient_top_color_hover:var(--awb-color7);--button_gradient_bottom_color_hover:var(--awb-color7);--button_typography-font-family:&quot;Work Sans&quot;;--button_typography-font-style:normal;--button_typography-font-weight:400;\" target=\"_blank\" rel=\"noopener noreferrer\" href=\"https:\/\/vipsdesign.nl\/\"><span class=\"fusion-button-text awb-button__text awb-button__text--default\">Besuchen Sie die VIPS-Website!<\/span><\/a><\/div><\/div><\/div><\/div><\/div><\/p>\n","protected":false},"excerpt":{"rendered":"","protected":false},"author":1,"featured_media":0,"parent":0,"menu_order":0,"comment_status":"closed","ping_status":"closed","template":"100-width.php","meta":{"_acf_changed":false,"_vp_format_video_url":"","_vp_image_focal_point":[],"footnotes":""},"class_list":["post-10994","page","type-page","status-publish","hentry"],"acf":[],"_links":{"self":[{"href":"https:\/\/www.design2chill.com\/de\/wp-json\/wp\/v2\/pages\/10994","targetHints":{"allow":["GET"]}}],"collection":[{"href":"https:\/\/www.design2chill.com\/de\/wp-json\/wp\/v2\/pages"}],"about":[{"href":"https:\/\/www.design2chill.com\/de\/wp-json\/wp\/v2\/types\/page"}],"author":[{"embeddable":true,"href":"https:\/\/www.design2chill.com\/de\/wp-json\/wp\/v2\/users\/1"}],"replies":[{"embeddable":true,"href":"https:\/\/www.design2chill.com\/de\/wp-json\/wp\/v2\/comments?post=10994"}],"version-history":[{"count":6,"href":"https:\/\/www.design2chill.com\/de\/wp-json\/wp\/v2\/pages\/10994\/revisions"}],"predecessor-version":[{"id":11363,"href":"https:\/\/www.design2chill.com\/de\/wp-json\/wp\/v2\/pages\/10994\/revisions\/11363"}],"wp:attachment":[{"href":"https:\/\/www.design2chill.com\/de\/wp-json\/wp\/v2\/media?parent=10994"}],"curies":[{"name":"wp","href":"https:\/\/api.w.org\/{rel}","templated":true}]}}