{"id":10315,"date":"2023-04-07T14:42:57","date_gmt":"2023-04-07T12:42:57","guid":{"rendered":"https:\/\/www.design2chill.com\/polster\/"},"modified":"2025-03-26T13:57:24","modified_gmt":"2025-03-26T12:57:24","slug":"polster","status":"publish","type":"page","link":"https:\/\/www.design2chill.com\/de\/polster\/","title":{"rendered":"Polster"},"content":{"rendered":"<div class=\"fusion-fullwidth fullwidth-box fusion-builder-row-1 fusion-flex-container has-pattern-background has-mask-background fusion-parallax-none nonhundred-percent-fullwidth non-hundred-percent-height-scrolling lazyload\" style=\"--awb-background-position:right top;--awb-border-sizes-top:0px;--awb-border-sizes-bottom:0px;--awb-border-sizes-left:0px;--awb-border-sizes-right:0px;--awb-border-radius-top-left:0px;--awb-border-radius-top-right:0px;--awb-border-radius-bottom-right:0px;--awb-border-radius-bottom-left:0px;--awb-padding-top:0px;--awb-padding-bottom:0px;--awb-margin-top:9%;--awb-background-size:cover;--awb-flex-wrap:wrap;\" data-bg=\"https:\/\/www.design2chill.com\/wp-content\/uploads\/2025\/02\/header_stoffering_v2.jpg\" ><div class=\"fusion-builder-row fusion-row fusion-flex-align-items-center fusion-flex-content-wrap\" style=\"max-width:calc( 1170px + 0px );margin-left: calc(-0px \/ 2 );margin-right: calc(-0px \/ 2 );\"><div class=\"fusion-layout-column fusion_builder_column fusion-builder-column-0 fusion_builder_column_4_5 4_5 fusion-flex-column fusion-flex-align-self-center fusion-column-no-min-height\" style=\"--awb-padding-top:2%;--awb-padding-right:5%;--awb-padding-bottom:2%;--awb-padding-left:6%;--awb-bg-color:var(--awb-color1);--awb-bg-color-hover:var(--awb-color1);--awb-bg-size:cover;--awb-width-large:80%;--awb-margin-top-large:0px;--awb-spacing-right-large:0px;--awb-margin-bottom-large:0px;--awb-spacing-left-large:0px;--awb-width-medium:100%;--awb-order-medium:0;--awb-spacing-right-medium:0px;--awb-spacing-left-medium:0px;--awb-width-small:100%;--awb-order-small:0;--awb-spacing-right-small:0px;--awb-spacing-left-small:0px;\" data-scroll-devices=\"small-visibility,medium-visibility,large-visibility\"><div class=\"fusion-column-wrapper fusion-column-has-shadow fusion-flex-justify-content-flex-start fusion-content-layout-column\"><div class=\"fusion-title title fusion-title-1 fusion-sep-none fusion-title-text fusion-title-size-one\" style=\"--awb-margin-top-small:0px;--awb-margin-right-small:0px;--awb-margin-bottom-small:20px;--awb-margin-left-small:0px;\"><h1 class=\"fusion-title-heading title-heading-left fusion-responsive-typography-calculated\" style=\"margin:0;text-transform:none;--fontSize:52;line-height:1;\">Polsterung von Design2Chill<\/h1><\/div><div class=\"fusion-title title fusion-title-2 fusion-sep-none fusion-title-text fusion-title-size-two\" style=\"--awb-margin-top-small:0px;--awb-margin-right-small:0px;--awb-margin-bottom-small:20px;--awb-margin-left-small:0px;--awb-font-size:36px;\"><h2 class=\"fusion-title-heading title-heading-left fusion-responsive-typography-calculated\" style=\"margin:0;text-transform:none;font-size:1em;--fontSize:36;line-height:1;\">Langlebig und hochwertig met Sunbrella<\/h2><\/div><div class=\"fusion-text fusion-text-1\"><p>Bei Design2Chill glauben wir an h\u00f6chste Qualit\u00e4t und Langlebigkeit f\u00fcr unsere Outdoorm\u00f6bel. Aus diesem Grund benutzen wir f\u00fcr die Polsterung unserer M\u00f6bel ausschlie\u00dflich Sunbrellastoffe. <strong>Sunbrella<\/strong> ist schon mehr als ein halbes Jahrhundert bekannt wegen seiner Expertise in der Entwicklung von <strong>Performance Outdoorstoffen<\/strong>. Diese Stoffe sind konzipiert, um Wind und Wetter standzuhalten , wie Sonne und Regen.<\/p>\n<p>Die <strong>Sunbrellastoffe<\/strong>, die wir f\u00fcr unsere M\u00f6bel nutzen, sind <strong>wasserfest<\/strong>. Dies sorgt f\u00fcr langwierigen Schutz gegen Feuchtigkeit. Daneben bietet das Material\u00a0 die <strong>h\u00f6chste Farbechtheit<\/strong>, so dass Ihre M\u00f6bel jahrelang wie neu aussehen. Au\u00dferdem sind sie <strong>schimmelresistent<\/strong>,widerstandsf\u00e4hig gegen Ablagerungen und Verf\u00e4rbungen durch <strong>Chlor- und Salzwasser<\/strong>, \u00a0perfekt f\u00fcr die Nutzung Pool oder am Meer.<\/p>\n<p>Dank der hervorragenden <strong>Pflegeleichtigkeit<\/strong> der Stoffe\u00a0 ist das Reinigen Ihrer M\u00f6bel einfach, so dass Sie optimal von Ihren Au\u00dfenr\u00e4umlichkeiten genie\u00dfen k\u00f6nnen , ohne sich um die intensive Pflege sorgen zu m\u00fcssen.<\/p>\n<p>F\u00fcr mehr Information \u00fcber die Leistungen und Vorteile von <strong>Sunbrella<\/strong>, besuchen Sie die offizielle Website: <a href=\"http:\/\/www.sunbrella.com\" target=\"_blank\" rel=\"noopener\">www.sunbrella.com<\/a>. Mit <strong>Design2Chill<\/strong> und <strong>Sunbrella<\/strong>, ist die \u00a0beste Qualit\u00e4t und Langlebigkeit f\u00fcr all Ihre <strong>Outdoorm\u00f6bel<\/strong> gew\u00e4hrleistet.<\/p>\n<\/div><div ><a class=\"fusion-button button-flat fusion-button-default-size button-default fusion-button-default button-1 fusion-button-default-span fusion-button-default-type\" target=\"_blank\" rel=\"noopener noreferrer\" href=\"https:\/\/vyvafabrics.nl\/de\/kollektionen\/sunbrella-furniture\"><span class=\"fusion-button-text awb-button__text awb-button__text--default\">Entdecken Sie unsere komplette Auswahl!<\/span><\/a><\/div><\/div><\/div><\/div><\/div>\n","protected":false},"excerpt":{"rendered":"","protected":false},"author":1,"featured_media":0,"parent":0,"menu_order":0,"comment_status":"closed","ping_status":"closed","template":"100-width.php","meta":{"_acf_changed":false,"_vp_format_video_url":"","_vp_image_focal_point":[],"footnotes":""},"class_list":["post-10315","page","type-page","status-publish","hentry"],"acf":[],"_links":{"self":[{"href":"https:\/\/www.design2chill.com\/de\/wp-json\/wp\/v2\/pages\/10315","targetHints":{"allow":["GET"]}}],"collection":[{"href":"https:\/\/www.design2chill.com\/de\/wp-json\/wp\/v2\/pages"}],"about":[{"href":"https:\/\/www.design2chill.com\/de\/wp-json\/wp\/v2\/types\/page"}],"author":[{"embeddable":true,"href":"https:\/\/www.design2chill.com\/de\/wp-json\/wp\/v2\/users\/1"}],"replies":[{"embeddable":true,"href":"https:\/\/www.design2chill.com\/de\/wp-json\/wp\/v2\/comments?post=10315"}],"version-history":[{"count":3,"href":"https:\/\/www.design2chill.com\/de\/wp-json\/wp\/v2\/pages\/10315\/revisions"}],"predecessor-version":[{"id":10318,"href":"https:\/\/www.design2chill.com\/de\/wp-json\/wp\/v2\/pages\/10315\/revisions\/10318"}],"wp:attachment":[{"href":"https:\/\/www.design2chill.com\/de\/wp-json\/wp\/v2\/media?parent=10315"}],"curies":[{"name":"wp","href":"https:\/\/api.w.org\/{rel}","templated":true}]}}