{"id":10310,"date":"2025-01-24T16:57:12","date_gmt":"2025-01-24T15:57:12","guid":{"rendered":"https:\/\/www.design2chill.com\/projekte\/"},"modified":"2025-03-26T14:07:51","modified_gmt":"2025-03-26T13:07:51","slug":"projekte","status":"publish","type":"page","link":"https:\/\/www.design2chill.com\/de\/projekte\/","title":{"rendered":"Projekte"},"content":{"rendered":"<p><div class=\"fusion-fullwidth fullwidth-box fusion-builder-row-1 fusion-flex-container has-pattern-background has-mask-background hundred-percent-fullwidth non-hundred-percent-height-scrolling\" style=\"--awb-background-position:left top;--awb-border-sizes-top:0px;--awb-border-sizes-bottom:0px;--awb-border-sizes-left:0px;--awb-border-sizes-right:0px;--awb-border-radius-top-left:0px;--awb-border-radius-top-right:0px;--awb-border-radius-bottom-right:0px;--awb-border-radius-bottom-left:0px;--awb-padding-top:0px;--awb-padding-right:10%;--awb-padding-bottom:0px;--awb-padding-left:10%;--awb-margin-top:4%;--awb-margin-top-medium:7%;--awb-margin-top-small:7%;--awb-flex-wrap:wrap;\" ><div class=\"fusion-builder-row fusion-row fusion-flex-align-items-flex-start fusion-flex-content-wrap\" style=\"width:104% !important;max-width:104% !important;margin-left: calc(-4% \/ 2 );margin-right: calc(-4% \/ 2 );\"><div class=\"fusion-layout-column fusion_builder_column fusion-builder-column-0 fusion_builder_column_1_1 1_1 fusion-flex-column fusion-flex-align-self-flex-start fusion-column-no-min-height\" style=\"--awb-bg-size:cover;--awb-width-large:100%;--awb-margin-top-large:0px;--awb-spacing-right-large:1.92%;--awb-margin-bottom-large:0px;--awb-spacing-left-large:1.92%;--awb-width-medium:100%;--awb-order-medium:0;--awb-spacing-right-medium:1.92%;--awb-spacing-left-medium:1.92%;--awb-width-small:100%;--awb-order-small:0;--awb-spacing-right-small:1.92%;--awb-spacing-left-small:1.92%;\" data-scroll-devices=\"small-visibility,medium-visibility,large-visibility\"><div class=\"fusion-column-wrapper fusion-column-has-shadow fusion-flex-justify-content-flex-start fusion-content-layout-column\"><div class=\"fusion-title title fusion-title-1 fusion-sep-none fusion-title-text fusion-title-size-two\" style=\"--awb-margin-top-small:0px;--awb-margin-right-small:0px;--awb-margin-bottom-small:20px;--awb-margin-left-small:0px;--awb-font-size:26px;\"><h2 class=\"fusion-title-heading title-heading-left fusion-responsive-typography-calculated\" style=\"margin:0;text-transform:capitalize;font-size:1em;--fontSize:26;line-height:1;\">Langlebigkeit und Ma\u00dfanfertigung Outdoorm\u00f6bilar f\u00fcr den Projektmarkt<\/h2><\/div><div class=\"fusion-text fusion-text-1\"><p>Unser M\u00f6bilar ist wie kein anderes f\u00fcr den Projektmarkt geeignet, dank der Kombination von hoher UV Farbechtheit und robusten strapazierf\u00e4higen Stoffen. Unsere Kollektion ist f\u00fcr den Indoor-und Outdoorbereich konzipert und deswegen \u00a0f\u00fcr Hotellerie, Wellnesszenter, Beachclubs, Jachtbau und Kreuzfahrtschiffe geeignet .<\/p>\n<p>Mit einer breiten Pallette an Ma\u00dffertigungsm\u00f6glichkeiten bieten wir exklusive Designs die Ihren W\u00fcnschen v\u00f6llig entsprechen. Treffen Sie die Wahl aus Tausenden von Stoffen, variierend von hochwertigen Projektstoffen bis hin zu exklusiven Designerstoffen. Au\u00dferdem gibt es die M\u00f6glichkeit die Pulverbeschichtung unserer Edelstahl-und Aluminiumteile in jeder gew\u00fcnschten RAL- oder Pantone-Farbe zu liefern, wodurch Ihre Indoor- oder Outdoorm\u00f6bel perfekt auf einander abzustimmen sind.<\/p>\n<p>Auch unser Angebot in Tischen bietet ungeahnte M\u00f6glichkeiten. Mit mehr als 120 keramische Tischplattenfarben, die perfekt innerhalb jedes Projekts passen und so gut wie unbeschr\u00e4nkte Formen-und Gr\u00f6\u00dfenoptionen, schaffen Sie eine ma\u00dfgefertigte Tischaufstellung, die perfekt in jedes Projekt passt.<\/p>\n<p>Unser fachm\u00e4nnisches K\u00f6nnen in langlebigem Design und Ma\u00dfanfertigungsl\u00f6sungen macht uns zu DEM Partner f\u00fcr Firmen, die hochwertiges und pflegeleichtes M\u00f6bilar mit einer luxuri\u00f6sen Ausstrahlung bevorzugen.<\/p>\n<\/div><\/div><\/div><\/div><\/div><div class=\"fusion-fullwidth fullwidth-box fusion-builder-row-2 fusion-flex-container has-pattern-background has-mask-background hundred-percent-fullwidth non-hundred-percent-height-scrolling\" style=\"--awb-background-position:left top;--awb-border-sizes-top:0px;--awb-border-sizes-bottom:0px;--awb-border-sizes-left:0px;--awb-border-sizes-right:0px;--awb-border-radius-top-left:0px;--awb-border-radius-top-right:0px;--awb-border-radius-bottom-right:0px;--awb-border-radius-bottom-left:0px;--awb-padding-top:0px;--awb-padding-right:10%;--awb-padding-bottom:0px;--awb-padding-left:10%;--awb-margin-top:4%;--awb-flex-wrap:wrap;\" ><div class=\"fusion-builder-row fusion-row fusion-flex-align-items-flex-start fusion-flex-content-wrap\" style=\"width:104% !important;max-width:104% !important;margin-left: calc(-4% \/ 2 );margin-right: calc(-4% \/ 2 );\"><div class=\"fusion-layout-column fusion_builder_column fusion-builder-column-1 fusion_builder_column_1_1 1_1 fusion-flex-column fusion-flex-align-self-flex-start fusion-column-no-min-height\" style=\"--awb-bg-size:cover;--awb-width-large:100%;--awb-margin-top-large:0px;--awb-spacing-right-large:1.92%;--awb-margin-bottom-large:0px;--awb-spacing-left-large:1.92%;--awb-width-medium:100%;--awb-spacing-right-medium:1.92%;--awb-spacing-left-medium:1.92%;--awb-width-small:100%;--awb-spacing-right-small:1.92%;--awb-spacing-left-small:1.92%;\"><div class=\"fusion-column-wrapper fusion-flex-justify-content-flex-start fusion-content-layout-column\"><div class=\"fusion-text fusion-text-2\">\n<div class=\"vp-portfolio vp-uid-4d2e2151 vp-id-10313 \"\n\tdata-vp-layout=\"tiles\" data-vp-content-source=\"post-based\" data-vp-items-style=\"fade\" data-vp-items-click-action=\"url\" data-vp-items-gap=\"15\" data-vp-items-gap-vertical=\"\" data-vp-pagination=\"load-more\" data-vp-next-page-url=\"\" data-vp-tiles-type=\"3|1,0.8|\" >\n\t<div class=\"vp-portfolio__preloader-wrap\">\n\t\t<div class=\"vp-portfolio__preloader\">\n\t\t\t<img class=\"lazyload\" decoding=\"async\" loading=\"eager\" src=\"data:image\/svg+xml,%3Csvg%20xmlns%3D%27http%3A%2F%2Fwww.w3.org%2F2000%2Fsvg%27%20width%3D%2720%27%20height%3D%2720%27%20viewBox%3D%270%200%2020%2020%27%3E%3Crect%20width%3D%2720%27%20height%3D%2720%27%20fill-opacity%3D%220%22%2F%3E%3C%2Fsvg%3E\" data-orig-src=\"https:\/\/www.design2chill.com\/wp-content\/plugins\/visual-portfolio\/assets\/images\/logo-dark.svg\" alt=\"Visual Portfolio, Posts &amp; Image Gallery for WordPress\" width=\"20\" height=\"20\" data-skip-lazy>\n\t\t<\/div>\n\t<\/div>\n\t\t<div class=\"vp-portfolio__items-wrap\">\n\t\t\t\n<div class=\"vp-portfolio__items vp-portfolio__items-style-fade vp-portfolio__items-show-overlay-always\">\n\n\t\t<article\t\tclass=\"vp-portfolio__item-wrap post-10339 avada_portfolio type-avada_portfolio status-publish format-standard has-post-thumbnail hentry portfolio_category-projekte vp-portfolio__item-uid-f6fa085e\" data-vp-filter=\"projekte\" \t\t>\n\t\t\t\t\t\t\t\t\t<figure class=\"vp-portfolio__item\">\n\t\t\t\t\n<div class=\"vp-portfolio__item-img-wrap\">\n\t<div class=\"vp-portfolio__item-img\">\n\t\t\t<a\n\t\thref=\"https:\/\/www.design2chill.com\/de\/projecten\/beachclub-cote-dazur\/\"\n\t\taria-label=\"Beachclub C\u00f4te d&#8217;Azur\" \t>\n\t\n\t\t<img decoding=\"async\" width=\"1048\" height=\"699\" src=\"https:\/\/www.design2chill.com\/wp-content\/uploads\/2025\/02\/beachclub_frankrijk_01.jpg\" class=\"wp-image-7486 lazyload\" alt=\"Design 2 Chill - Beachclub Frankrijk 0\" srcset=\"data:image\/svg+xml,%3Csvg%20xmlns%3D%27http%3A%2F%2Fwww.w3.org%2F2000%2Fsvg%27%20width%3D%271048%27%20height%3D%27699%27%20viewBox%3D%270%200%201048%20699%27%3E%3Crect%20width%3D%271048%27%20height%3D%27699%27%20fill-opacity%3D%220%22%2F%3E%3C%2Fsvg%3E\" data-orig-src=\"https:\/\/www.design2chill.com\/wp-content\/uploads\/2025\/02\/beachclub_frankrijk_01.jpg\" data-srcset=\"https:\/\/www.design2chill.com\/wp-content\/uploads\/2025\/02\/beachclub_frankrijk_01-200x133.jpg 200w, https:\/\/www.design2chill.com\/wp-content\/uploads\/2025\/02\/beachclub_frankrijk_01-300x200.jpg 300w, https:\/\/www.design2chill.com\/wp-content\/uploads\/2025\/02\/beachclub_frankrijk_01-400x267.jpg 400w, https:\/\/www.design2chill.com\/wp-content\/uploads\/2025\/02\/beachclub_frankrijk_01-500x333.jpg 500w, https:\/\/www.design2chill.com\/wp-content\/uploads\/2025\/02\/beachclub_frankrijk_01-600x400.jpg 600w, https:\/\/www.design2chill.com\/wp-content\/uploads\/2025\/02\/beachclub_frankrijk_01-768x512.jpg 768w, https:\/\/www.design2chill.com\/wp-content\/uploads\/2025\/02\/beachclub_frankrijk_01-800x534.jpg 800w, https:\/\/www.design2chill.com\/wp-content\/uploads\/2025\/02\/beachclub_frankrijk_01-1024x683.jpg 1024w, https:\/\/www.design2chill.com\/wp-content\/uploads\/2025\/02\/beachclub_frankrijk_01.jpg 1048w\" data-sizes=\"auto\" \/>\n\t\t<\/a>\t<\/div>\n<\/div>\n\t<figcaption class=\"vp-portfolio__item-overlay vp-portfolio__item-overlay-text-align-bottom-center\">\n\t\t<div class=\"vp-portfolio__item-meta-wrap vp-portfolio__custom-scrollbar\">\n\t\t\t\t<a\n\t\thref=\"https:\/\/www.design2chill.com\/de\/projecten\/beachclub-cote-dazur\/\"\n\t\ttabindex=\"-1\" class=\"vp-portfolio__item-meta\" aria-label=\"Beachclub C\u00f4te d&#8217;Azur\" \t>\n\t\n<h2 class=\"vp-portfolio__item-meta-title\">\n\tBeachclub C\u00f4te d&#8217;Azur<\/h2>\n<\/a>\t\t<\/div>\n\t<\/figcaption>\n\t\t\t<\/figure>\n\t\t\t\t\t<\/article>\n\t\t\n\t\t<article\t\tclass=\"vp-portfolio__item-wrap post-10347 avada_portfolio type-avada_portfolio status-publish format-standard has-post-thumbnail hentry portfolio_category-projekte vp-portfolio__item-uid-5e03b39e\" data-vp-filter=\"projekte\" \t\t>\n\t\t\t\t\t\t\t\t\t<figure class=\"vp-portfolio__item\">\n\t\t\t\t\n<div class=\"vp-portfolio__item-img-wrap\">\n\t<div class=\"vp-portfolio__item-img\">\n\t\t\t<a\n\t\thref=\"https:\/\/www.design2chill.com\/de\/projecten\/jumeirah-beach-dubai\/\"\n\t\taria-label=\"Jumeirah Beach Dubai\" \t>\n\t\n\t\t<img decoding=\"async\" width=\"1048\" height=\"699\" src=\"https:\/\/www.design2chill.com\/wp-content\/uploads\/2025\/02\/dubai_03.jpg\" class=\"wp-image-7540 lazyload\" alt=\"Design 2 Chill - Dubai 03\" srcset=\"data:image\/svg+xml,%3Csvg%20xmlns%3D%27http%3A%2F%2Fwww.w3.org%2F2000%2Fsvg%27%20width%3D%271048%27%20height%3D%27699%27%20viewBox%3D%270%200%201048%20699%27%3E%3Crect%20width%3D%271048%27%20height%3D%27699%27%20fill-opacity%3D%220%22%2F%3E%3C%2Fsvg%3E\" data-orig-src=\"https:\/\/www.design2chill.com\/wp-content\/uploads\/2025\/02\/dubai_03.jpg\" data-srcset=\"https:\/\/www.design2chill.com\/wp-content\/uploads\/2025\/02\/dubai_03-200x133.jpg 200w, https:\/\/www.design2chill.com\/wp-content\/uploads\/2025\/02\/dubai_03-300x200.jpg 300w, https:\/\/www.design2chill.com\/wp-content\/uploads\/2025\/02\/dubai_03-400x267.jpg 400w, https:\/\/www.design2chill.com\/wp-content\/uploads\/2025\/02\/dubai_03-500x333.jpg 500w, https:\/\/www.design2chill.com\/wp-content\/uploads\/2025\/02\/dubai_03-600x400.jpg 600w, https:\/\/www.design2chill.com\/wp-content\/uploads\/2025\/02\/dubai_03-768x512.jpg 768w, https:\/\/www.design2chill.com\/wp-content\/uploads\/2025\/02\/dubai_03-800x534.jpg 800w, https:\/\/www.design2chill.com\/wp-content\/uploads\/2025\/02\/dubai_03-1024x683.jpg 1024w, https:\/\/www.design2chill.com\/wp-content\/uploads\/2025\/02\/dubai_03.jpg 1048w\" data-sizes=\"auto\" \/>\n\t\t<\/a>\t<\/div>\n<\/div>\n\t<figcaption class=\"vp-portfolio__item-overlay vp-portfolio__item-overlay-text-align-bottom-center\">\n\t\t<div class=\"vp-portfolio__item-meta-wrap vp-portfolio__custom-scrollbar\">\n\t\t\t\t<a\n\t\thref=\"https:\/\/www.design2chill.com\/de\/projecten\/jumeirah-beach-dubai\/\"\n\t\ttabindex=\"-1\" class=\"vp-portfolio__item-meta\" aria-label=\"Jumeirah Beach Dubai\" \t>\n\t\n<h2 class=\"vp-portfolio__item-meta-title\">\n\tJumeirah Beach Dubai<\/h2>\n<\/a>\t\t<\/div>\n\t<\/figcaption>\n\t\t\t<\/figure>\n\t\t\t\t\t<\/article>\n\t\t\n\t\t<article\t\tclass=\"vp-portfolio__item-wrap post-10345 avada_portfolio type-avada_portfolio status-publish format-standard has-post-thumbnail hentry portfolio_category-projekte vp-portfolio__item-uid-b00dd2b2\" data-vp-filter=\"projekte\" \t\t>\n\t\t\t\t\t\t\t\t\t<figure class=\"vp-portfolio__item\">\n\t\t\t\t\n<div class=\"vp-portfolio__item-img-wrap\">\n\t<div class=\"vp-portfolio__item-img\">\n\t\t\t<a\n\t\thref=\"https:\/\/www.design2chill.com\/de\/projecten\/luxus-gartenmoebel-boutique-design-hotel-musa\/\"\n\t\taria-label=\"Luxus Gartenm\u00f6bel Boutique Design Hotel MUSA\" \t>\n\t\n\t\t<img decoding=\"async\" width=\"1048\" height=\"699\" src=\"https:\/\/www.design2chill.com\/wp-content\/uploads\/2025\/02\/musa_cover.jpg\" class=\"wp-image-7856 lazyload\" alt=\"Design2Chill - Boutique Design Hotel MUSA\" srcset=\"data:image\/svg+xml,%3Csvg%20xmlns%3D%27http%3A%2F%2Fwww.w3.org%2F2000%2Fsvg%27%20width%3D%271048%27%20height%3D%27699%27%20viewBox%3D%270%200%201048%20699%27%3E%3Crect%20width%3D%271048%27%20height%3D%27699%27%20fill-opacity%3D%220%22%2F%3E%3C%2Fsvg%3E\" data-orig-src=\"https:\/\/www.design2chill.com\/wp-content\/uploads\/2025\/02\/musa_cover.jpg\" data-srcset=\"https:\/\/www.design2chill.com\/wp-content\/uploads\/2025\/02\/musa_cover-200x133.jpg 200w, https:\/\/www.design2chill.com\/wp-content\/uploads\/2025\/02\/musa_cover-300x200.jpg 300w, https:\/\/www.design2chill.com\/wp-content\/uploads\/2025\/02\/musa_cover-400x267.jpg 400w, https:\/\/www.design2chill.com\/wp-content\/uploads\/2025\/02\/musa_cover-500x333.jpg 500w, https:\/\/www.design2chill.com\/wp-content\/uploads\/2025\/02\/musa_cover-600x400.jpg 600w, https:\/\/www.design2chill.com\/wp-content\/uploads\/2025\/02\/musa_cover-768x512.jpg 768w, https:\/\/www.design2chill.com\/wp-content\/uploads\/2025\/02\/musa_cover-800x534.jpg 800w, https:\/\/www.design2chill.com\/wp-content\/uploads\/2025\/02\/musa_cover-1024x683.jpg 1024w, https:\/\/www.design2chill.com\/wp-content\/uploads\/2025\/02\/musa_cover.jpg 1048w\" data-sizes=\"auto\" \/>\n\t\t<\/a>\t<\/div>\n<\/div>\n\t<figcaption class=\"vp-portfolio__item-overlay vp-portfolio__item-overlay-text-align-bottom-center\">\n\t\t<div class=\"vp-portfolio__item-meta-wrap vp-portfolio__custom-scrollbar\">\n\t\t\t\t<a\n\t\thref=\"https:\/\/www.design2chill.com\/de\/projecten\/luxus-gartenmoebel-boutique-design-hotel-musa\/\"\n\t\ttabindex=\"-1\" class=\"vp-portfolio__item-meta\" aria-label=\"Luxus Gartenm\u00f6bel Boutique Design Hotel MUSA\" \t>\n\t\n<h2 class=\"vp-portfolio__item-meta-title\">\n\tLuxus Gartenm\u00f6bel Boutique Design Hotel MUSA<\/h2>\n<\/a>\t\t<\/div>\n\t<\/figcaption>\n\t\t\t<\/figure>\n\t\t\t\t\t<\/article>\n\t\t\n<\/div>\n\t\t<\/div>\n\t\t\t\t<div class=\"vp-portfolio__layout-elements vp-portfolio__layout-elements-bottom vp-portfolio__layout-elements-align-center\">\n\t\t\t\t<div class=\"vp-portfolio__pagination-wrap\">\n\t\t\t\t<\/div>\n\t\t\t\t<\/div>\n\t\t\n<\/div>\n\n<\/div><\/div><\/div><\/div><\/div><\/p>\n","protected":false},"excerpt":{"rendered":"","protected":false},"author":1,"featured_media":0,"parent":0,"menu_order":0,"comment_status":"closed","ping_status":"closed","template":"100-width.php","meta":{"_acf_changed":false,"_vp_format_video_url":"","_vp_image_focal_point":[],"footnotes":""},"class_list":["post-10310","page","type-page","status-publish","hentry"],"acf":[],"_links":{"self":[{"href":"https:\/\/www.design2chill.com\/de\/wp-json\/wp\/v2\/pages\/10310","targetHints":{"allow":["GET"]}}],"collection":[{"href":"https:\/\/www.design2chill.com\/de\/wp-json\/wp\/v2\/pages"}],"about":[{"href":"https:\/\/www.design2chill.com\/de\/wp-json\/wp\/v2\/types\/page"}],"author":[{"embeddable":true,"href":"https:\/\/www.design2chill.com\/de\/wp-json\/wp\/v2\/users\/1"}],"replies":[{"embeddable":true,"href":"https:\/\/www.design2chill.com\/de\/wp-json\/wp\/v2\/comments?post=10310"}],"version-history":[{"count":5,"href":"https:\/\/www.design2chill.com\/de\/wp-json\/wp\/v2\/pages\/10310\/revisions"}],"predecessor-version":[{"id":10399,"href":"https:\/\/www.design2chill.com\/de\/wp-json\/wp\/v2\/pages\/10310\/revisions\/10399"}],"wp:attachment":[{"href":"https:\/\/www.design2chill.com\/de\/wp-json\/wp\/v2\/media?parent=10310"}],"curies":[{"name":"wp","href":"https:\/\/api.w.org\/{rel}","templated":true}]}}