{"id":10304,"date":"2023-04-07T16:06:20","date_gmt":"2023-04-07T14:06:20","guid":{"rendered":"https:\/\/www.design2chill.com\/ueber-uns\/"},"modified":"2025-03-26T12:56:01","modified_gmt":"2025-03-26T11:56:01","slug":"uber-uns","status":"publish","type":"page","link":"https:\/\/www.design2chill.com\/de\/uber-uns\/","title":{"rendered":"\u00dcber uns"},"content":{"rendered":"<div class=\"fusion-fullwidth fullwidth-box fusion-builder-row-1 fusion-flex-container has-pattern-background has-mask-background fusion-parallax-none nonhundred-percent-fullwidth non-hundred-percent-height-scrolling lazyload\" style=\"--awb-border-sizes-top:0px;--awb-border-sizes-bottom:0px;--awb-border-sizes-left:0px;--awb-border-sizes-right:0px;--awb-border-radius-top-left:0px;--awb-border-radius-top-right:0px;--awb-border-radius-bottom-right:0px;--awb-border-radius-bottom-left:0px;--awb-padding-top:0px;--awb-padding-bottom:0px;--awb-margin-top:9%;--awb-background-size:cover;--awb-flex-wrap:wrap;\" data-bg=\"https:\/\/www.design2chill.com\/wp-content\/uploads\/2025\/01\/header_over_ons.jpg\" ><div class=\"fusion-builder-row fusion-row fusion-flex-align-items-center fusion-flex-content-wrap\" style=\"max-width:calc( 1170px + 0px );margin-left: calc(-0px \/ 2 );margin-right: calc(-0px \/ 2 );\"><div class=\"fusion-layout-column fusion_builder_column fusion-builder-column-0 fusion_builder_column_3_5 3_5 fusion-flex-column fusion-flex-align-self-center fusion-column-no-min-height\" style=\"--awb-padding-top:2%;--awb-padding-right:5%;--awb-padding-bottom:2%;--awb-padding-left:6%;--awb-bg-color:var(--awb-color1);--awb-bg-color-hover:var(--awb-color1);--awb-bg-size:cover;--awb-width-large:60%;--awb-margin-top-large:0px;--awb-spacing-right-large:0px;--awb-margin-bottom-large:0px;--awb-spacing-left-large:0px;--awb-width-medium:100%;--awb-order-medium:0;--awb-spacing-right-medium:0px;--awb-spacing-left-medium:0px;--awb-width-small:100%;--awb-order-small:0;--awb-spacing-right-small:0px;--awb-spacing-left-small:0px;\" data-scroll-devices=\"small-visibility,medium-visibility,large-visibility\"><div class=\"fusion-column-wrapper fusion-column-has-shadow fusion-flex-justify-content-flex-start fusion-content-layout-column\"><div class=\"fusion-title title fusion-title-1 fusion-sep-none fusion-title-text fusion-title-size-one\" style=\"--awb-margin-top-small:0px;--awb-margin-right-small:0px;--awb-margin-bottom-small:20px;--awb-margin-left-small:0px;\"><h1 class=\"fusion-title-heading title-heading-left fusion-responsive-typography-calculated\" style=\"margin:0;text-transform:none;--fontSize:52;line-height:1;\">\u00dcber uns<\/h1><\/div><div class=\"fusion-text fusion-text-1\"><p>Eigentlich fing alles vor 18 Jahren mit einem Scherz an, als ein ehemaliger Kollege zu Pascal Otters\u00a0 sagte: \u201cWieso machen wir keine Outdoorm\u00f6bel mit demgleichen Komfort und der Ausstrahlung wie ein Indoorsofa?\u201d<\/p>\n<p>Die Antwort gibt es inzwischen: Design2Chill , eine niederl\u00e4ndische Firma mit unterschiedlichen Gartenm\u00f6belkollektionen.<\/p>\n<p>Ab Experience Centrum VIPS in Druten verkauft Design2Chill jetzt seit 18 Jahren All-weather-M\u00f6bel an Retailer, Garten-und Interieurdesigner, Schwimmbadhersteller und Verbraucher weltweit.<\/p>\n<p>Mit Liebe f\u00fcr M\u00f6bel fertigt Design2Chill herk\u00f6mmlich In-und Outdoorm\u00f6bel. Mit modernen , hochwertigen Materialien, aber mit Auge f\u00fcrs Detail und Traditionen ist Design2Chill DER M\u00f6belhersteller aus den Niederlanden<\/p>\n<p>All unsere M\u00f6bel werden im Auftrag gefertigt und k\u00f6nnen falls gew\u00fcnscht nach Ma\u00df gefertigt werden. Ein Design2Chillm\u00f6bel ist deswegen jedes Mal ein Unikat und dank der sehr ausf\u00fchrlichen Kollektion in Stoffen sind die M\u00f6glichkeiten grenzenlos.<\/p>\n<\/div><\/div><\/div><\/div><\/div>\n","protected":false},"excerpt":{"rendered":"","protected":false},"author":1,"featured_media":0,"parent":0,"menu_order":0,"comment_status":"closed","ping_status":"closed","template":"100-width.php","meta":{"_acf_changed":false,"_vp_format_video_url":"","_vp_image_focal_point":[],"footnotes":""},"class_list":["post-10304","page","type-page","status-publish","hentry"],"acf":[],"_links":{"self":[{"href":"https:\/\/www.design2chill.com\/de\/wp-json\/wp\/v2\/pages\/10304","targetHints":{"allow":["GET"]}}],"collection":[{"href":"https:\/\/www.design2chill.com\/de\/wp-json\/wp\/v2\/pages"}],"about":[{"href":"https:\/\/www.design2chill.com\/de\/wp-json\/wp\/v2\/types\/page"}],"author":[{"embeddable":true,"href":"https:\/\/www.design2chill.com\/de\/wp-json\/wp\/v2\/users\/1"}],"replies":[{"embeddable":true,"href":"https:\/\/www.design2chill.com\/de\/wp-json\/wp\/v2\/comments?post=10304"}],"version-history":[{"count":3,"href":"https:\/\/www.design2chill.com\/de\/wp-json\/wp\/v2\/pages\/10304\/revisions"}],"predecessor-version":[{"id":10307,"href":"https:\/\/www.design2chill.com\/de\/wp-json\/wp\/v2\/pages\/10304\/revisions\/10307"}],"wp:attachment":[{"href":"https:\/\/www.design2chill.com\/de\/wp-json\/wp\/v2\/media?parent=10304"}],"curies":[{"name":"wp","href":"https:\/\/api.w.org\/{rel}","templated":true}]}}