{"id":10299,"date":"2023-04-07T16:19:51","date_gmt":"2023-04-07T14:19:51","guid":{"rendered":"https:\/\/www.design2chill.com\/wartung\/"},"modified":"2025-03-28T12:01:12","modified_gmt":"2025-03-28T11:01:12","slug":"pflege","status":"publish","type":"page","link":"https:\/\/www.design2chill.com\/de\/pflege\/","title":{"rendered":"Pflege"},"content":{"rendered":"<p><div class=\"fusion-fullwidth fullwidth-box fusion-builder-row-1 fusion-flex-container has-pattern-background has-mask-background hundred-percent-fullwidth non-hundred-percent-height-scrolling\" style=\"--awb-background-position:left top;--awb-border-sizes-top:0px;--awb-border-sizes-bottom:0px;--awb-border-sizes-left:0px;--awb-border-sizes-right:0px;--awb-border-radius-top-left:0px;--awb-border-radius-top-right:0px;--awb-border-radius-bottom-right:0px;--awb-border-radius-bottom-left:0px;--awb-padding-top:0px;--awb-padding-right:10%;--awb-padding-bottom:0px;--awb-padding-left:10%;--awb-margin-top:7%;--awb-flex-wrap:wrap;\" ><div class=\"fusion-builder-row fusion-row fusion-flex-align-items-flex-start fusion-flex-content-wrap\" style=\"width:104% !important;max-width:104% !important;margin-left: calc(-4% \/ 2 );margin-right: calc(-4% \/ 2 );\"><div class=\"fusion-layout-column fusion_builder_column fusion-builder-column-0 fusion_builder_column_1_1 1_1 fusion-flex-column fusion-flex-align-self-flex-start fusion-column-no-min-height\" style=\"--awb-bg-size:cover;--awb-width-large:100%;--awb-margin-top-large:0px;--awb-spacing-right-large:1.92%;--awb-margin-bottom-large:0px;--awb-spacing-left-large:1.92%;--awb-width-medium:100%;--awb-spacing-right-medium:1.92%;--awb-spacing-left-medium:1.92%;--awb-width-small:100%;--awb-spacing-right-small:1.92%;--awb-spacing-left-small:1.92%;\"><div class=\"fusion-column-wrapper fusion-flex-justify-content-flex-start fusion-content-layout-column\"><div class=\"fusion-title title fusion-title-1 fusion-sep-none fusion-title-text fusion-title-size-one\" style=\"--awb-margin-top-small:0px;--awb-margin-right-small:0px;--awb-margin-bottom-small:20px;--awb-margin-left-small:0px;\"><h1 class=\"fusion-title-heading title-heading-left fusion-responsive-typography-calculated\" style=\"margin:0;text-transform:capitalize;--fontSize:52;line-height:1;\">Pflege<\/h1><\/div><div class=\"fusion-title title fusion-title-2 fusion-sep-none fusion-title-text fusion-title-size-two\" style=\"--awb-margin-top-small:0px;--awb-margin-right-small:0px;--awb-margin-bottom-small:20px;--awb-margin-left-small:0px;\"><h2 class=\"fusion-title-heading title-heading-left fusion-responsive-typography-calculated\" style=\"margin:0;text-transform:capitalize;--fontSize:38;line-height:1;\">Tipps zur Pflege und Verwendung unserer Design2Chill &#8211; Produkte<\/h2><\/div><\/div><\/div><\/div><\/div><div class=\"fusion-fullwidth fullwidth-box fusion-builder-row-2 fusion-flex-container has-pattern-background has-mask-background hundred-percent-fullwidth non-hundred-percent-height-scrolling\" style=\"--awb-background-position:left top;--awb-border-sizes-top:0px;--awb-border-sizes-bottom:0px;--awb-border-sizes-left:0px;--awb-border-sizes-right:0px;--awb-border-radius-top-left:0px;--awb-border-radius-top-right:0px;--awb-border-radius-bottom-right:0px;--awb-border-radius-bottom-left:0px;--awb-padding-top:0px;--awb-padding-right:10%;--awb-padding-bottom:0px;--awb-padding-left:10%;--awb-margin-top:1%;--awb-flex-wrap:wrap;\" ><div class=\"fusion-builder-row fusion-row fusion-flex-align-items-flex-start fusion-flex-content-wrap\" style=\"width:104% !important;max-width:104% !important;margin-left: calc(-4% \/ 2 );margin-right: calc(-4% \/ 2 );\"><div class=\"fusion-layout-column fusion_builder_column fusion-builder-column-1 fusion_builder_column_1_1 1_1 fusion-flex-column fusion-flex-align-self-flex-start fusion-column-no-min-height\" style=\"--awb-bg-size:cover;--awb-width-large:100%;--awb-margin-top-large:0px;--awb-spacing-right-large:1.92%;--awb-margin-bottom-large:0px;--awb-spacing-left-large:1.92%;--awb-width-medium:100%;--awb-spacing-right-medium:1.92%;--awb-spacing-left-medium:1.92%;--awb-width-small:100%;--awb-spacing-right-small:1.92%;--awb-spacing-left-small:1.92%;\"><div class=\"fusion-column-wrapper fusion-flex-justify-content-flex-start fusion-content-layout-column\"><div class=\"fusion-text fusion-text-1\"><p>Reinigen Sie ihre M\u00f6bel regelm\u00e4\u00dfig damit Sie die Lebensdauer ihres M\u00f6bels optimal erneuern k\u00f6nnen. Nach dem Saubermachen empfehlen wir einmal im Jahr, das speziell entwickelte Sunbrella Impr\u00e4gnier Spray zu benutzen, das Sie bei Ihrem H\u00e4ndler erwerben k\u00f6nnen.<\/p>\n<p>Stellen Sie die Einzelteile aus dem Modul-System immer mit einem Abstand von mindestens 1cm auseinander, so dass das Regenwasser gut von Ihren M\u00f6beln abflie\u00dfen kann. So verhindern Sie au\u00dferdem R\u00fcckst\u00e4nde an den Seiten der Module. Wir empfehlen, die M\u00f6bel nicht fest gegen eine Wand, einen Zaun oder eine \u00e4hnliche Oberfl\u00e4che zu stellen oder zu lehnen. Auf diese Weise kann \u00fcbersch\u00fcssiges Wasser schneller ablaufen und die M\u00f6bel trocknen besser. Sollte es regnen, d\u00fcrfen die M\u00f6bel nicht auf den Kopf gestellt werden, damit das Wasser nicht ablaufen kann.<\/p>\n<p>Flecken aller Art m\u00fcssen so schnell wie m\u00f6glich entfernt werden, um ein Einziehen in das Gewebe zu verhindern. Schmutz k\u00f6nnen Sie einfach absaugen oder abwischen mit einem feuchten, sauberen Tuch. Feuchte Flecken sollten zun\u00e4chst mit einem Papiertuch oder einem sauberen Geschirrtuch aufgesaugt werden. Danach bitte immer mit klarem Wasser nachsp\u00fclen und mit einem sauberen, trockenen Tuch abtrocknen. Die meisten Flecken lassen sich mit hei\u00dfem Wasser entfernen. Anschlie\u00dfend wird die Stelle mit einem trockenen, sauberen Tuch abgerieben. Bei hartn\u00e4ckigen Flecken benutzen Sie bitte Sunbrellas Spezialreiniger, die Sie bei Ihrem H\u00e4ndler erhalten k\u00f6nnen.<\/p>\n<p>Spr\u00fchen Sie den Reiniger auf den Fleck und lassen Sie ihn 30 Sekunden einwirken. Dann k\u00f6nnen Sie den Fleck mit warmem Wasser entfernen und einem sauberen, feuchten Tuch abwischen. Wichtig ist, dass Sie die Stelle nach der Verwendung des Reinigers sorgf\u00e4ltig mit Wasser absp\u00fclen, damit alle Seifenreste entfernt werden. Sonnencreme und Massage-\u00d6le sind nur schwer oder sogar unm\u00f6glich von den Bez\u00fcgen zu entfernen. Bitte beachten Sie dies bei der Benutzung der M\u00f6bel. Am besten legen Sie ein Handtuch auf das Element, wenn Sie Sonnencreme oder \u00d6le benutzen.<\/p>\n<p>F\u00fcr eine optimale Lebensdauer empfehlen wir unsere Schutzh\u00fcllen. Entfernen Sie, wenn das Wetter es zul\u00e4sst, die Schutzh\u00fcllen und l\u00fcften Sie das Design2Chill Produkt 30 Minuten, auch im Winter wenn Sie den M\u00f6beln nicht nutzen.<\/p>\n<\/div><div class=\"fusion-title title fusion-title-3 fusion-sep-none fusion-title-text fusion-title-size-two\" style=\"--awb-margin-top-small:0px;--awb-margin-right-small:0px;--awb-margin-bottom-small:20px;--awb-margin-left-small:0px;\"><h2 class=\"fusion-title-heading title-heading-left fusion-responsive-typography-calculated\" style=\"margin:0;text-transform:capitalize;--fontSize:38;line-height:1;\">Dekorative Kissen<\/h2><\/div><div class=\"fusion-text fusion-text-2\"><p>Unsere dekorativen Kissen werden mit attraktiven S\u00e4umen gefertigt und sind daher nicht wasserdicht, jedoch ebenso regenbest\u00e4ndig wie die Polsterung. Wir empfehlen Ihnen, die Kissen bei schlechtem Wetter in den Innenbereich zu r\u00e4umen.<\/p>\n<\/div><div class=\"fusion-title title fusion-title-4 fusion-sep-none fusion-title-text fusion-title-size-two\" style=\"--awb-margin-top-small:0px;--awb-margin-right-small:0px;--awb-margin-bottom-small:20px;--awb-margin-left-small:0px;\"><h2 class=\"fusion-title-heading title-heading-left fusion-responsive-typography-calculated\" style=\"margin:0;text-transform:capitalize;--fontSize:38;line-height:1;\">Tablett<\/h2><\/div><div class=\"fusion-text fusion-text-3\"><p>Das Tablett sollte regelm\u00e4\u00dfig abgenommen und gereinigt werden, da sich Schmutz und Regenwasser unter dem Tablett sammeln k\u00f6nnen. Ansonsten kann es dazu f\u00fchren, dass Armlehne und \/ oder Stuhl mit h\u00f6herem Aufwand gereinigt werden m\u00fcssen.<\/p>\n<\/div><div class=\"fusion-separator fusion-full-width-sep\" style=\"align-self: center;margin-left: auto;margin-right: auto;margin-top:30px;width:100%;\"><\/div><div class=\"fusion-video fusion-youtube\" style=\"--awb-max-width:600px;--awb-max-height:360px;\"><div class=\"video-shortcode\"><lite-youtube videoid=\"27BN63zVNQ8\" class=\"landscape\" params=\"wmode=transparent&autoplay=1&amp;enablejsapi=1\" title=\"YouTube video player 1\" data-button-label=\"Play Video\" width=\"600\" height=\"360\" data-thumbnail-size=\"auto\" data-no-cookie=\"on\"><\/lite-youtube><\/div><\/div><\/div><\/div><\/div><\/div><\/p>\n","protected":false},"excerpt":{"rendered":"","protected":false},"author":1,"featured_media":0,"parent":0,"menu_order":0,"comment_status":"closed","ping_status":"closed","template":"100-width.php","meta":{"_acf_changed":false,"_vp_format_video_url":"","_vp_image_focal_point":[],"footnotes":""},"class_list":["post-10299","page","type-page","status-publish","hentry"],"acf":[],"_links":{"self":[{"href":"https:\/\/www.design2chill.com\/de\/wp-json\/wp\/v2\/pages\/10299","targetHints":{"allow":["GET"]}}],"collection":[{"href":"https:\/\/www.design2chill.com\/de\/wp-json\/wp\/v2\/pages"}],"about":[{"href":"https:\/\/www.design2chill.com\/de\/wp-json\/wp\/v2\/types\/page"}],"author":[{"embeddable":true,"href":"https:\/\/www.design2chill.com\/de\/wp-json\/wp\/v2\/users\/1"}],"replies":[{"embeddable":true,"href":"https:\/\/www.design2chill.com\/de\/wp-json\/wp\/v2\/comments?post=10299"}],"version-history":[{"count":5,"href":"https:\/\/www.design2chill.com\/de\/wp-json\/wp\/v2\/pages\/10299\/revisions"}],"predecessor-version":[{"id":10401,"href":"https:\/\/www.design2chill.com\/de\/wp-json\/wp\/v2\/pages\/10299\/revisions\/10401"}],"wp:attachment":[{"href":"https:\/\/www.design2chill.com\/de\/wp-json\/wp\/v2\/media?parent=10299"}],"curies":[{"name":"wp","href":"https:\/\/api.w.org\/{rel}","templated":true}]}}