{"id":10284,"date":"2023-04-06T15:45:47","date_gmt":"2023-04-06T13:45:47","guid":{"rendered":"https:\/\/www.design2chill.com\/massanfertigung\/"},"modified":"2025-03-26T12:38:40","modified_gmt":"2025-03-26T11:38:40","slug":"massanfertigung","status":"publish","type":"page","link":"https:\/\/www.design2chill.com\/de\/massanfertigung\/","title":{"rendered":"Ma\u00dfanfertigung"},"content":{"rendered":"<p><div class=\"fusion-fullwidth fullwidth-box fusion-builder-row-1 fusion-flex-container has-pattern-background has-mask-background hundred-percent-fullwidth non-hundred-percent-height-scrolling\" style=\"--awb-background-position:left top;--awb-border-sizes-top:0px;--awb-border-sizes-bottom:0px;--awb-border-sizes-left:0px;--awb-border-sizes-right:0px;--awb-border-radius-top-left:0px;--awb-border-radius-top-right:0px;--awb-border-radius-bottom-right:0px;--awb-border-radius-bottom-left:0px;--awb-padding-top:0px;--awb-padding-right:10%;--awb-padding-bottom:0px;--awb-padding-left:10%;--awb-margin-top:4%;--awb-margin-top-medium:7%;--awb-margin-top-small:7%;--awb-flex-wrap:wrap;\" ><div class=\"fusion-builder-row fusion-row fusion-flex-align-items-flex-start fusion-flex-content-wrap\" style=\"width:104% !important;max-width:104% !important;margin-left: calc(-4% \/ 2 );margin-right: calc(-4% \/ 2 );\"><div class=\"fusion-layout-column fusion_builder_column fusion-builder-column-0 fusion_builder_column_1_1 1_1 fusion-flex-column fusion-flex-align-self-flex-start fusion-column-no-min-height\" style=\"--awb-bg-size:cover;--awb-width-large:100%;--awb-margin-top-large:0px;--awb-spacing-right-large:1.92%;--awb-margin-bottom-large:0px;--awb-spacing-left-large:1.92%;--awb-width-medium:100%;--awb-order-medium:0;--awb-spacing-right-medium:1.92%;--awb-spacing-left-medium:1.92%;--awb-width-small:100%;--awb-order-small:0;--awb-spacing-right-small:1.92%;--awb-spacing-left-small:1.92%;\" data-scroll-devices=\"small-visibility,medium-visibility,large-visibility\"><div class=\"fusion-column-wrapper fusion-column-has-shadow fusion-flex-justify-content-flex-start fusion-content-layout-column\"><div class=\"fusion-title title fusion-title-1 fusion-sep-none fusion-title-text fusion-title-size-two\" style=\"--awb-margin-top-small:0px;--awb-margin-right-small:0px;--awb-margin-bottom-small:20px;--awb-margin-left-small:0px;--awb-font-size:26px;\"><h2 class=\"fusion-title-heading title-heading-left fusion-responsive-typography-calculated\" style=\"margin:0;text-transform:capitalize;font-size:1em;--fontSize:26;line-height:1;\">Perfektion und Ihren W\u00fcnschen entsprechend<\/h2><\/div><div class=\"fusion-text fusion-text-1\"><p>Wir konzipieren und fertigen M\u00f6bel, die Ihrem Stil, Ihren Bed\u00fcrfnissen und R\u00e4umlichkeiten v\u00f6llig entsprechen. Von Loungesets und Tischen bis hin zu Kombinationen, alles ist m\u00f6glich. Entscheiden Sie sich f\u00fcr hochwertige Materialien, Farben und Verarbeitungen, einschlie\u00dflich der Pulverbeschichtung der Untergestelle in jeder RAL-Farbe.<\/p>\n<p>Unser Ma\u00dfanfertigungsverfahren beginnt mit Ihren Ideen. Haben Sie sich f\u00fcr ein Modell in unserem Ausstellungsraum entschieden und passt die Standardgr\u00f6\u00dfe nicht auf Ihre Terrasse, keinen Grund zur Panik.<\/p>\n<p>Die gew\u00fcnschte Aufstellung k\u00f6nnen wir vollst\u00e4ndig als Ma\u00dfarbeit liefern. Wir machen dazu eine Produktionszeichnung mit den gew\u00fcnschten Ma\u00dfen f\u00fcr die L\u00e4nge, Breite oder Sitzh\u00f6he . Sogar die Sitztiefe k\u00f6nnen wir anpassen.<\/p>\n<p>Nachdem der Zeichenentwurf von unserer Produktion auf ihre Richtigkeit kontrolliert worden ist , wird unsere Fr\u00e4sabteilung die M\u00f6belgestelle v\u00f6llig nach Ma\u00df fertigen. Danach wird in der Posterei der Schaum mit der Hand geschnitten und verleimt.<\/p>\n<p>Dann sind die Posterh\u00fcllen an der Reihe. Auch diese werden mit der Hand geschnitten und pro Modul gen\u00e4ht. Zum Schluss wird der Polsterer alle genannten Einzelteile zu einem einzigartigen M\u00f6belst\u00fcck zusammenf\u00fcgen.<\/p>\n<p>Ma\u00dfarbeit ist vollst\u00e4ndige Handarbeit und ist zeitaufwendig . Mit dem Auge f\u00fcrs Detail und fachm\u00e4nnischem K\u00f6nnen verwirklichen wir exklusive M\u00f6bel, die sowohl innen als au\u00dfen zu Ihrem Recht kommen.<\/p>\n<p>Entdecken Sie die Freiheit von Ma\u00dfanfertigung und verleihen Sie Ihrer Einrichtung oder Ihrem Garten eine einzigartige Ausstrahlung.<\/p>\n<\/div><\/div><\/div><\/div><\/div><div class=\"fusion-fullwidth fullwidth-box fusion-builder-row-2 fusion-flex-container has-pattern-background has-mask-background hundred-percent-fullwidth non-hundred-percent-height-scrolling\" style=\"--awb-background-position:left top;--awb-border-sizes-top:0px;--awb-border-sizes-bottom:0px;--awb-border-sizes-left:0px;--awb-border-sizes-right:0px;--awb-border-radius-top-left:0px;--awb-border-radius-top-right:0px;--awb-border-radius-bottom-right:0px;--awb-border-radius-bottom-left:0px;--awb-padding-top:0px;--awb-padding-right:10%;--awb-padding-bottom:0px;--awb-padding-left:10%;--awb-margin-top:4%;--awb-flex-wrap:wrap;\" ><div class=\"fusion-builder-row fusion-row fusion-flex-align-items-flex-start fusion-flex-content-wrap\" style=\"width:104% !important;max-width:104% !important;margin-left: calc(-4% \/ 2 );margin-right: calc(-4% \/ 2 );\"><div class=\"fusion-layout-column fusion_builder_column fusion-builder-column-1 fusion_builder_column_1_1 1_1 fusion-flex-column fusion-flex-align-self-flex-start fusion-column-no-min-height\" style=\"--awb-bg-size:cover;--awb-width-large:100%;--awb-margin-top-large:0px;--awb-spacing-right-large:1.92%;--awb-margin-bottom-large:0px;--awb-spacing-left-large:1.92%;--awb-width-medium:100%;--awb-spacing-right-medium:1.92%;--awb-spacing-left-medium:1.92%;--awb-width-small:100%;--awb-spacing-right-small:1.92%;--awb-spacing-left-small:1.92%;\"><div class=\"fusion-column-wrapper fusion-flex-justify-content-flex-start fusion-content-layout-column\"><div class=\"fusion-text fusion-text-2\">\n<div class=\"vp-portfolio vp-uid-6d56645b vp-id-10295 \"\n\tdata-vp-layout=\"tiles\" data-vp-content-source=\"post-based\" data-vp-items-style=\"fade\" data-vp-items-click-action=\"url\" data-vp-items-gap=\"15\" data-vp-items-gap-vertical=\"\" data-vp-pagination=\"load-more\" data-vp-next-page-url=\"\" data-vp-tiles-type=\"3|1,0.8|\" >\n\t<div class=\"vp-portfolio__preloader-wrap\">\n\t\t<div class=\"vp-portfolio__preloader\">\n\t\t\t<img class=\"lazyload\" decoding=\"async\" loading=\"eager\" src=\"data:image\/svg+xml,%3Csvg%20xmlns%3D%27http%3A%2F%2Fwww.w3.org%2F2000%2Fsvg%27%20width%3D%2720%27%20height%3D%2720%27%20viewBox%3D%270%200%2020%2020%27%3E%3Crect%20width%3D%2720%27%20height%3D%2720%27%20fill-opacity%3D%220%22%2F%3E%3C%2Fsvg%3E\" data-orig-src=\"https:\/\/www.design2chill.com\/wp-content\/plugins\/visual-portfolio\/assets\/images\/logo-dark.svg\" alt=\"Visual Portfolio, Posts &amp; Image Gallery for WordPress\" width=\"20\" height=\"20\" data-skip-lazy>\n\t\t<\/div>\n\t<\/div>\n\t\t<div class=\"vp-portfolio__items-wrap\">\n\t\t\t\n<div class=\"vp-portfolio__items vp-portfolio__items-style-fade vp-portfolio__items-show-overlay-always\">\n\n\t\t<article\t\tclass=\"vp-portfolio__item-wrap post-10378 avada_portfolio type-avada_portfolio status-publish format-standard has-post-thumbnail hentry portfolio_category-massanfertigung vp-portfolio__item-uid-e591fdcc\" data-vp-filter=\"massanfertigung\" \t\t>\n\t\t\t\t\t\t\t\t\t<figure class=\"vp-portfolio__item\">\n\t\t\t\t\n<div class=\"vp-portfolio__item-img-wrap\">\n\t<div class=\"vp-portfolio__item-img\">\n\t\t\t<a\n\t\thref=\"https:\/\/www.design2chill.com\/de\/projecten\/eigenes-design-innenarchitekt-marbella\/\"\n\t\taria-label=\"Eigenes Design Innenarchitekt Marbella\" \t>\n\t\n\t\t<img decoding=\"async\" width=\"1048\" height=\"699\" src=\"https:\/\/www.design2chill.com\/wp-content\/uploads\/2025\/02\/marbella_03.jpg\" class=\"wp-image-7652 lazyload\" alt=\"Design 2 Chill - Marbella 03\" srcset=\"data:image\/svg+xml,%3Csvg%20xmlns%3D%27http%3A%2F%2Fwww.w3.org%2F2000%2Fsvg%27%20width%3D%271048%27%20height%3D%27699%27%20viewBox%3D%270%200%201048%20699%27%3E%3Crect%20width%3D%271048%27%20height%3D%27699%27%20fill-opacity%3D%220%22%2F%3E%3C%2Fsvg%3E\" data-orig-src=\"https:\/\/www.design2chill.com\/wp-content\/uploads\/2025\/02\/marbella_03.jpg\" data-srcset=\"https:\/\/www.design2chill.com\/wp-content\/uploads\/2025\/02\/marbella_03-200x133.jpg 200w, https:\/\/www.design2chill.com\/wp-content\/uploads\/2025\/02\/marbella_03-300x200.jpg 300w, https:\/\/www.design2chill.com\/wp-content\/uploads\/2025\/02\/marbella_03-400x267.jpg 400w, https:\/\/www.design2chill.com\/wp-content\/uploads\/2025\/02\/marbella_03-500x333.jpg 500w, https:\/\/www.design2chill.com\/wp-content\/uploads\/2025\/02\/marbella_03-600x400.jpg 600w, https:\/\/www.design2chill.com\/wp-content\/uploads\/2025\/02\/marbella_03-768x512.jpg 768w, https:\/\/www.design2chill.com\/wp-content\/uploads\/2025\/02\/marbella_03-800x534.jpg 800w, https:\/\/www.design2chill.com\/wp-content\/uploads\/2025\/02\/marbella_03-1024x683.jpg 1024w, https:\/\/www.design2chill.com\/wp-content\/uploads\/2025\/02\/marbella_03.jpg 1048w\" data-sizes=\"auto\" \/>\n\t\t<\/a>\t<\/div>\n<\/div>\n\t<figcaption class=\"vp-portfolio__item-overlay vp-portfolio__item-overlay-text-align-bottom-center\">\n\t\t<div class=\"vp-portfolio__item-meta-wrap vp-portfolio__custom-scrollbar\">\n\t\t\t\t<a\n\t\thref=\"https:\/\/www.design2chill.com\/de\/projecten\/eigenes-design-innenarchitekt-marbella\/\"\n\t\ttabindex=\"-1\" class=\"vp-portfolio__item-meta\" aria-label=\"Eigenes Design Innenarchitekt Marbella\" \t>\n\t\n<h2 class=\"vp-portfolio__item-meta-title\">\n\tEigenes Design Innenarchitekt Marbella<\/h2>\n<\/a>\t\t<\/div>\n\t<\/figcaption>\n\t\t\t<\/figure>\n\t\t\t\t\t<\/article>\n\t\t\n\t\t<article\t\tclass=\"vp-portfolio__item-wrap post-10373 avada_portfolio type-avada_portfolio status-publish format-standard has-post-thumbnail hentry portfolio_category-massanfertigung vp-portfolio__item-uid-72432444\" data-vp-filter=\"massanfertigung\" \t\t>\n\t\t\t\t\t\t\t\t\t<figure class=\"vp-portfolio__item\">\n\t\t\t\t\n<div class=\"vp-portfolio__item-img-wrap\">\n\t<div class=\"vp-portfolio__item-img\">\n\t\t\t<a\n\t\thref=\"https:\/\/www.design2chill.com\/de\/projecten\/hausboot-prinsengracht-amsterdam\/\"\n\t\taria-label=\"Hausboot Prinsengracht Amsterdam\" \t>\n\t\n\t\t<img decoding=\"async\" width=\"1048\" height=\"699\" src=\"https:\/\/www.design2chill.com\/wp-content\/uploads\/2025\/02\/woonboot_prinsengracht_02.jpg\" class=\"wp-image-7609 lazyload\" alt=\"Design 2 Chill - Woonboot Prinsengracht Amsterdam 02\" srcset=\"data:image\/svg+xml,%3Csvg%20xmlns%3D%27http%3A%2F%2Fwww.w3.org%2F2000%2Fsvg%27%20width%3D%271048%27%20height%3D%27699%27%20viewBox%3D%270%200%201048%20699%27%3E%3Crect%20width%3D%271048%27%20height%3D%27699%27%20fill-opacity%3D%220%22%2F%3E%3C%2Fsvg%3E\" data-orig-src=\"https:\/\/www.design2chill.com\/wp-content\/uploads\/2025\/02\/woonboot_prinsengracht_02.jpg\" data-srcset=\"https:\/\/www.design2chill.com\/wp-content\/uploads\/2025\/02\/woonboot_prinsengracht_02-200x133.jpg 200w, https:\/\/www.design2chill.com\/wp-content\/uploads\/2025\/02\/woonboot_prinsengracht_02-300x200.jpg 300w, https:\/\/www.design2chill.com\/wp-content\/uploads\/2025\/02\/woonboot_prinsengracht_02-400x267.jpg 400w, https:\/\/www.design2chill.com\/wp-content\/uploads\/2025\/02\/woonboot_prinsengracht_02-500x333.jpg 500w, https:\/\/www.design2chill.com\/wp-content\/uploads\/2025\/02\/woonboot_prinsengracht_02-600x400.jpg 600w, https:\/\/www.design2chill.com\/wp-content\/uploads\/2025\/02\/woonboot_prinsengracht_02-768x512.jpg 768w, https:\/\/www.design2chill.com\/wp-content\/uploads\/2025\/02\/woonboot_prinsengracht_02-800x534.jpg 800w, https:\/\/www.design2chill.com\/wp-content\/uploads\/2025\/02\/woonboot_prinsengracht_02-1024x683.jpg 1024w, https:\/\/www.design2chill.com\/wp-content\/uploads\/2025\/02\/woonboot_prinsengracht_02.jpg 1048w\" data-sizes=\"auto\" \/>\n\t\t<\/a>\t<\/div>\n<\/div>\n\t<figcaption class=\"vp-portfolio__item-overlay vp-portfolio__item-overlay-text-align-bottom-center\">\n\t\t<div class=\"vp-portfolio__item-meta-wrap vp-portfolio__custom-scrollbar\">\n\t\t\t\t<a\n\t\thref=\"https:\/\/www.design2chill.com\/de\/projecten\/hausboot-prinsengracht-amsterdam\/\"\n\t\ttabindex=\"-1\" class=\"vp-portfolio__item-meta\" aria-label=\"Hausboot Prinsengracht Amsterdam\" \t>\n\t\n<h2 class=\"vp-portfolio__item-meta-title\">\n\tHausboot Prinsengracht Amsterdam<\/h2>\n<\/a>\t\t<\/div>\n\t<\/figcaption>\n\t\t\t<\/figure>\n\t\t\t\t\t<\/article>\n\t\t\n\t\t<article\t\tclass=\"vp-portfolio__item-wrap post-10349 avada_portfolio type-avada_portfolio status-publish format-standard has-post-thumbnail hentry portfolio_category-massanfertigung vp-portfolio__item-uid-b9bb9e99\" data-vp-filter=\"massanfertigung\" \t\t>\n\t\t\t\t\t\t\t\t\t<figure class=\"vp-portfolio__item\">\n\t\t\t\t\n<div class=\"vp-portfolio__item-img-wrap\">\n\t<div class=\"vp-portfolio__item-img\">\n\t\t\t<a\n\t\thref=\"https:\/\/www.design2chill.com\/de\/projecten\/luxus-gartenmoebel-auf-der-jagd\/\"\n\t\taria-label=\"Luxus-Gartenm\u00f6bel auf der Jagd\" \t>\n\t\n\t\t<img decoding=\"async\" width=\"1048\" height=\"699\" src=\"https:\/\/www.design2chill.com\/wp-content\/uploads\/2025\/02\/tuinmeubels_op_jacht_01.jpg\" class=\"wp-image-7576 lazyload\" alt=\"Design 2 Chill - Tuinmeubels op jacht 01\" srcset=\"data:image\/svg+xml,%3Csvg%20xmlns%3D%27http%3A%2F%2Fwww.w3.org%2F2000%2Fsvg%27%20width%3D%271048%27%20height%3D%27699%27%20viewBox%3D%270%200%201048%20699%27%3E%3Crect%20width%3D%271048%27%20height%3D%27699%27%20fill-opacity%3D%220%22%2F%3E%3C%2Fsvg%3E\" data-orig-src=\"https:\/\/www.design2chill.com\/wp-content\/uploads\/2025\/02\/tuinmeubels_op_jacht_01.jpg\" data-srcset=\"https:\/\/www.design2chill.com\/wp-content\/uploads\/2025\/02\/tuinmeubels_op_jacht_01-200x133.jpg 200w, https:\/\/www.design2chill.com\/wp-content\/uploads\/2025\/02\/tuinmeubels_op_jacht_01-300x200.jpg 300w, https:\/\/www.design2chill.com\/wp-content\/uploads\/2025\/02\/tuinmeubels_op_jacht_01-400x267.jpg 400w, https:\/\/www.design2chill.com\/wp-content\/uploads\/2025\/02\/tuinmeubels_op_jacht_01-500x333.jpg 500w, https:\/\/www.design2chill.com\/wp-content\/uploads\/2025\/02\/tuinmeubels_op_jacht_01-600x400.jpg 600w, https:\/\/www.design2chill.com\/wp-content\/uploads\/2025\/02\/tuinmeubels_op_jacht_01-768x512.jpg 768w, https:\/\/www.design2chill.com\/wp-content\/uploads\/2025\/02\/tuinmeubels_op_jacht_01-800x534.jpg 800w, https:\/\/www.design2chill.com\/wp-content\/uploads\/2025\/02\/tuinmeubels_op_jacht_01-1024x683.jpg 1024w, https:\/\/www.design2chill.com\/wp-content\/uploads\/2025\/02\/tuinmeubels_op_jacht_01.jpg 1048w\" data-sizes=\"auto\" \/>\n\t\t<\/a>\t<\/div>\n<\/div>\n\t<figcaption class=\"vp-portfolio__item-overlay vp-portfolio__item-overlay-text-align-bottom-center\">\n\t\t<div class=\"vp-portfolio__item-meta-wrap vp-portfolio__custom-scrollbar\">\n\t\t\t\t<a\n\t\thref=\"https:\/\/www.design2chill.com\/de\/projecten\/luxus-gartenmoebel-auf-der-jagd\/\"\n\t\ttabindex=\"-1\" class=\"vp-portfolio__item-meta\" aria-label=\"Luxus-Gartenm\u00f6bel auf der Jagd\" \t>\n\t\n<h2 class=\"vp-portfolio__item-meta-title\">\n\tLuxus-Gartenm\u00f6bel auf der Jagd<\/h2>\n<\/a>\t\t<\/div>\n\t<\/figcaption>\n\t\t\t<\/figure>\n\t\t\t\t\t<\/article>\n\t\t\n\t\t<article\t\tclass=\"vp-portfolio__item-wrap post-10371 avada_portfolio type-avada_portfolio status-publish format-standard has-post-thumbnail hentry portfolio_category-massanfertigung vp-portfolio__item-uid-9c4d4568\" data-vp-filter=\"massanfertigung\" \t\t>\n\t\t\t\t\t\t\t\t\t<figure class=\"vp-portfolio__item\">\n\t\t\t\t\n<div class=\"vp-portfolio__item-img-wrap\">\n\t<div class=\"vp-portfolio__item-img\">\n\t\t\t<a\n\t\thref=\"https:\/\/www.design2chill.com\/de\/projecten\/mediterraner-garten-in-deutschland\/\"\n\t\taria-label=\"Mediterraner Garten in Deutschland\" \t>\n\t\n\t\t<img decoding=\"async\" width=\"1048\" height=\"699\" src=\"https:\/\/www.design2chill.com\/wp-content\/uploads\/2025\/02\/costa_del_sol_duitsland_03.jpg\" class=\"wp-image-7558 lazyload\" alt=\"Design 2 Chill - Costa del Sol Duitsland 03\" srcset=\"data:image\/svg+xml,%3Csvg%20xmlns%3D%27http%3A%2F%2Fwww.w3.org%2F2000%2Fsvg%27%20width%3D%271048%27%20height%3D%27699%27%20viewBox%3D%270%200%201048%20699%27%3E%3Crect%20width%3D%271048%27%20height%3D%27699%27%20fill-opacity%3D%220%22%2F%3E%3C%2Fsvg%3E\" data-orig-src=\"https:\/\/www.design2chill.com\/wp-content\/uploads\/2025\/02\/costa_del_sol_duitsland_03.jpg\" data-srcset=\"https:\/\/www.design2chill.com\/wp-content\/uploads\/2025\/02\/costa_del_sol_duitsland_03-200x133.jpg 200w, https:\/\/www.design2chill.com\/wp-content\/uploads\/2025\/02\/costa_del_sol_duitsland_03-300x200.jpg 300w, https:\/\/www.design2chill.com\/wp-content\/uploads\/2025\/02\/costa_del_sol_duitsland_03-400x267.jpg 400w, https:\/\/www.design2chill.com\/wp-content\/uploads\/2025\/02\/costa_del_sol_duitsland_03-500x333.jpg 500w, https:\/\/www.design2chill.com\/wp-content\/uploads\/2025\/02\/costa_del_sol_duitsland_03-600x400.jpg 600w, https:\/\/www.design2chill.com\/wp-content\/uploads\/2025\/02\/costa_del_sol_duitsland_03-768x512.jpg 768w, https:\/\/www.design2chill.com\/wp-content\/uploads\/2025\/02\/costa_del_sol_duitsland_03-800x534.jpg 800w, https:\/\/www.design2chill.com\/wp-content\/uploads\/2025\/02\/costa_del_sol_duitsland_03-1024x683.jpg 1024w, https:\/\/www.design2chill.com\/wp-content\/uploads\/2025\/02\/costa_del_sol_duitsland_03.jpg 1048w\" data-sizes=\"auto\" \/>\n\t\t<\/a>\t<\/div>\n<\/div>\n\t<figcaption class=\"vp-portfolio__item-overlay vp-portfolio__item-overlay-text-align-bottom-center\">\n\t\t<div class=\"vp-portfolio__item-meta-wrap vp-portfolio__custom-scrollbar\">\n\t\t\t\t<a\n\t\thref=\"https:\/\/www.design2chill.com\/de\/projecten\/mediterraner-garten-in-deutschland\/\"\n\t\ttabindex=\"-1\" class=\"vp-portfolio__item-meta\" aria-label=\"Mediterraner Garten in Deutschland\" \t>\n\t\n<h2 class=\"vp-portfolio__item-meta-title\">\n\tMediterraner Garten in Deutschland<\/h2>\n<\/a>\t\t<\/div>\n\t<\/figcaption>\n\t\t\t<\/figure>\n\t\t\t\t\t<\/article>\n\t\t\n\t\t<article\t\tclass=\"vp-portfolio__item-wrap post-10369 avada_portfolio type-avada_portfolio status-publish format-standard has-post-thumbnail hentry portfolio_category-massanfertigung vp-portfolio__item-uid-8b8dfc1b\" data-vp-filter=\"massanfertigung\" \t\t>\n\t\t\t\t\t\t\t\t\t<figure class=\"vp-portfolio__item\">\n\t\t\t\t\n<div class=\"vp-portfolio__item-img-wrap\">\n\t<div class=\"vp-portfolio__item-img\">\n\t\t\t<a\n\t\thref=\"https:\/\/www.design2chill.com\/de\/projecten\/schwimmbad-in-suedholland\/\"\n\t\taria-label=\"Schwimmbad in S\u00fcdholland\" \t>\n\t\n\t\t<img decoding=\"async\" width=\"1048\" height=\"699\" src=\"https:\/\/www.design2chill.com\/wp-content\/uploads\/2025\/02\/zwembad_in_zuid-holland_02.jpg\" class=\"wp-image-7636 lazyload\" alt=\"Design 2 Chill - Zwembad in Zuid-Holland 02\" srcset=\"data:image\/svg+xml,%3Csvg%20xmlns%3D%27http%3A%2F%2Fwww.w3.org%2F2000%2Fsvg%27%20width%3D%271048%27%20height%3D%27699%27%20viewBox%3D%270%200%201048%20699%27%3E%3Crect%20width%3D%271048%27%20height%3D%27699%27%20fill-opacity%3D%220%22%2F%3E%3C%2Fsvg%3E\" data-orig-src=\"https:\/\/www.design2chill.com\/wp-content\/uploads\/2025\/02\/zwembad_in_zuid-holland_02.jpg\" data-srcset=\"https:\/\/www.design2chill.com\/wp-content\/uploads\/2025\/02\/zwembad_in_zuid-holland_02-200x133.jpg 200w, https:\/\/www.design2chill.com\/wp-content\/uploads\/2025\/02\/zwembad_in_zuid-holland_02-300x200.jpg 300w, https:\/\/www.design2chill.com\/wp-content\/uploads\/2025\/02\/zwembad_in_zuid-holland_02-400x267.jpg 400w, https:\/\/www.design2chill.com\/wp-content\/uploads\/2025\/02\/zwembad_in_zuid-holland_02-500x333.jpg 500w, https:\/\/www.design2chill.com\/wp-content\/uploads\/2025\/02\/zwembad_in_zuid-holland_02-600x400.jpg 600w, https:\/\/www.design2chill.com\/wp-content\/uploads\/2025\/02\/zwembad_in_zuid-holland_02-768x512.jpg 768w, https:\/\/www.design2chill.com\/wp-content\/uploads\/2025\/02\/zwembad_in_zuid-holland_02-800x534.jpg 800w, https:\/\/www.design2chill.com\/wp-content\/uploads\/2025\/02\/zwembad_in_zuid-holland_02-1024x683.jpg 1024w, https:\/\/www.design2chill.com\/wp-content\/uploads\/2025\/02\/zwembad_in_zuid-holland_02.jpg 1048w\" data-sizes=\"auto\" \/>\n\t\t<\/a>\t<\/div>\n<\/div>\n\t<figcaption class=\"vp-portfolio__item-overlay vp-portfolio__item-overlay-text-align-bottom-center\">\n\t\t<div class=\"vp-portfolio__item-meta-wrap vp-portfolio__custom-scrollbar\">\n\t\t\t\t<a\n\t\thref=\"https:\/\/www.design2chill.com\/de\/projecten\/schwimmbad-in-suedholland\/\"\n\t\ttabindex=\"-1\" class=\"vp-portfolio__item-meta\" aria-label=\"Schwimmbad in S\u00fcdholland\" \t>\n\t\n<h2 class=\"vp-portfolio__item-meta-title\">\n\tSchwimmbad in S\u00fcdholland<\/h2>\n<\/a>\t\t<\/div>\n\t<\/figcaption>\n\t\t\t<\/figure>\n\t\t\t\t\t<\/article>\n\t\t\n\t\t<article\t\tclass=\"vp-portfolio__item-wrap post-10367 avada_portfolio type-avada_portfolio status-publish format-standard has-post-thumbnail hentry portfolio_category-massanfertigung vp-portfolio__item-uid-6c35d11c\" data-vp-filter=\"massanfertigung\" \t\t>\n\t\t\t\t\t\t\t\t\t<figure class=\"vp-portfolio__item\">\n\t\t\t\t\n<div class=\"vp-portfolio__item-img-wrap\">\n\t<div class=\"vp-portfolio__item-img\">\n\t\t\t<a\n\t\thref=\"https:\/\/www.design2chill.com\/de\/projecten\/villa-in-t-gooi\/\"\n\t\taria-label=\"Villa in \u2019t Gooi\" \t>\n\t\n\t\t<img decoding=\"async\" width=\"1048\" height=\"699\" src=\"https:\/\/www.design2chill.com\/wp-content\/uploads\/2025\/02\/villa_in_t_gooi_04.jpg\" class=\"wp-image-7594 lazyload\" alt=\"Design 2 Chill - Villa in &#039;t Gooi 04\" srcset=\"data:image\/svg+xml,%3Csvg%20xmlns%3D%27http%3A%2F%2Fwww.w3.org%2F2000%2Fsvg%27%20width%3D%271048%27%20height%3D%27699%27%20viewBox%3D%270%200%201048%20699%27%3E%3Crect%20width%3D%271048%27%20height%3D%27699%27%20fill-opacity%3D%220%22%2F%3E%3C%2Fsvg%3E\" data-orig-src=\"https:\/\/www.design2chill.com\/wp-content\/uploads\/2025\/02\/villa_in_t_gooi_04.jpg\" data-srcset=\"https:\/\/www.design2chill.com\/wp-content\/uploads\/2025\/02\/villa_in_t_gooi_04-200x133.jpg 200w, https:\/\/www.design2chill.com\/wp-content\/uploads\/2025\/02\/villa_in_t_gooi_04-300x200.jpg 300w, https:\/\/www.design2chill.com\/wp-content\/uploads\/2025\/02\/villa_in_t_gooi_04-400x267.jpg 400w, https:\/\/www.design2chill.com\/wp-content\/uploads\/2025\/02\/villa_in_t_gooi_04-500x333.jpg 500w, https:\/\/www.design2chill.com\/wp-content\/uploads\/2025\/02\/villa_in_t_gooi_04-600x400.jpg 600w, https:\/\/www.design2chill.com\/wp-content\/uploads\/2025\/02\/villa_in_t_gooi_04-768x512.jpg 768w, https:\/\/www.design2chill.com\/wp-content\/uploads\/2025\/02\/villa_in_t_gooi_04-800x534.jpg 800w, https:\/\/www.design2chill.com\/wp-content\/uploads\/2025\/02\/villa_in_t_gooi_04-1024x683.jpg 1024w, https:\/\/www.design2chill.com\/wp-content\/uploads\/2025\/02\/villa_in_t_gooi_04.jpg 1048w\" data-sizes=\"auto\" \/>\n\t\t<\/a>\t<\/div>\n<\/div>\n\t<figcaption class=\"vp-portfolio__item-overlay vp-portfolio__item-overlay-text-align-bottom-center\">\n\t\t<div class=\"vp-portfolio__item-meta-wrap vp-portfolio__custom-scrollbar\">\n\t\t\t\t<a\n\t\thref=\"https:\/\/www.design2chill.com\/de\/projecten\/villa-in-t-gooi\/\"\n\t\ttabindex=\"-1\" class=\"vp-portfolio__item-meta\" aria-label=\"Villa in \u2019t Gooi\" \t>\n\t\n<h2 class=\"vp-portfolio__item-meta-title\">\n\tVilla in \u2019t Gooi<\/h2>\n<\/a>\t\t<\/div>\n\t<\/figcaption>\n\t\t\t<\/figure>\n\t\t\t\t\t<\/article>\n\t\t\n<\/div>\n\t\t<\/div>\n\t\t\t\t<div class=\"vp-portfolio__layout-elements vp-portfolio__layout-elements-bottom vp-portfolio__layout-elements-align-center\">\n\t\t\t\t<div class=\"vp-portfolio__pagination-wrap\">\n\t\t\t\t<\/div>\n\t\t\t\t<\/div>\n\t\t\n<\/div>\n\n<\/div><\/div><\/div><\/div><\/div><\/p>\n","protected":false},"excerpt":{"rendered":"","protected":false},"author":1,"featured_media":0,"parent":0,"menu_order":0,"comment_status":"closed","ping_status":"closed","template":"100-width.php","meta":{"_acf_changed":false,"_vp_format_video_url":"","_vp_image_focal_point":[],"footnotes":""},"class_list":["post-10284","page","type-page","status-publish","hentry"],"acf":[],"_links":{"self":[{"href":"https:\/\/www.design2chill.com\/de\/wp-json\/wp\/v2\/pages\/10284","targetHints":{"allow":["GET"]}}],"collection":[{"href":"https:\/\/www.design2chill.com\/de\/wp-json\/wp\/v2\/pages"}],"about":[{"href":"https:\/\/www.design2chill.com\/de\/wp-json\/wp\/v2\/types\/page"}],"author":[{"embeddable":true,"href":"https:\/\/www.design2chill.com\/de\/wp-json\/wp\/v2\/users\/1"}],"replies":[{"embeddable":true,"href":"https:\/\/www.design2chill.com\/de\/wp-json\/wp\/v2\/comments?post=10284"}],"version-history":[{"count":6,"href":"https:\/\/www.design2chill.com\/de\/wp-json\/wp\/v2\/pages\/10284\/revisions"}],"predecessor-version":[{"id":10296,"href":"https:\/\/www.design2chill.com\/de\/wp-json\/wp\/v2\/pages\/10284\/revisions\/10296"}],"wp:attachment":[{"href":"https:\/\/www.design2chill.com\/de\/wp-json\/wp\/v2\/media?parent=10284"}],"curies":[{"name":"wp","href":"https:\/\/api.w.org\/{rel}","templated":true}]}}