{"id":10274,"date":"2023-04-17T13:21:52","date_gmt":"2023-04-17T11:21:52","guid":{"rendered":"https:\/\/www.design2chill.com\/anmelden-registrieren\/"},"modified":"2025-03-26T12:16:20","modified_gmt":"2025-03-26T11:16:20","slug":"anmelden-registrieren","status":"publish","type":"page","link":"https:\/\/www.design2chill.com\/de\/anmelden-registrieren\/","title":{"rendered":"Anmelden \/ Registrieren"},"content":{"rendered":"<div class=\"fusion-fullwidth fullwidth-box fusion-builder-row-1 fusion-flex-container has-pattern-background has-mask-background hundred-percent-fullwidth non-hundred-percent-height-scrolling\" style=\"--awb-border-sizes-top:0px;--awb-border-sizes-bottom:0px;--awb-border-sizes-left:0px;--awb-border-sizes-right:0px;--awb-border-radius-top-left:0px;--awb-border-radius-top-right:0px;--awb-border-radius-bottom-right:0px;--awb-border-radius-bottom-left:0px;--awb-padding-top:0px;--awb-padding-right:10%;--awb-padding-bottom:0px;--awb-padding-left:10%;--awb-margin-top:7%;--awb-flex-wrap:wrap;\" >\n<div class=\"fusion-builder-row fusion-row fusion-flex-align-items-flex-start fusion-flex-content-wrap\" style=\"width:104% !important;max-width:104% !important;margin-left: calc(-4% \/ 2 );margin-right: calc(-4% \/ 2 );\">\n<div class=\"fusion-layout-column fusion_builder_column fusion-builder-column-0 fusion_builder_column_1_1 1_1 fusion-flex-column fusion-flex-align-self-center fusion-column-no-min-height\" style=\"--awb-padding-top:2%;--awb-padding-right:5%;--awb-padding-bottom:2%;--awb-padding-left:6%;--awb-bg-color:var(--awb-color1);--awb-bg-color-hover:var(--awb-color1);--awb-bg-size:cover;--awb-width-large:100%;--awb-margin-top-large:0px;--awb-spacing-right-large:1.92%;--awb-margin-bottom-large:0px;--awb-spacing-left-large:1.92%;--awb-width-medium:100%;--awb-order-medium:0;--awb-spacing-right-medium:1.92%;--awb-spacing-left-medium:1.92%;--awb-width-small:100%;--awb-order-small:0;--awb-spacing-right-small:1.92%;--awb-spacing-left-small:1.92%;\" data-scroll-devices=\"small-visibility,medium-visibility,large-visibility\">\n<div class=\"fusion-column-wrapper fusion-column-has-shadow fusion-flex-justify-content-flex-start fusion-content-layout-column\">\n<div class=\"fusion-title title fusion-title-1 fusion-sep-none fusion-title-text fusion-title-size-one\" style=\"--awb-margin-top-small:0px;--awb-margin-right-small:0px;--awb-margin-bottom-small:20px;--awb-margin-left-small:0px;\">\n<h1 class=\"fusion-title-heading title-heading-left fusion-responsive-typography-calculated\" style=\"margin:0;text-transform:none;--fontSize:52;line-height:1;\">Anmelden \/ Registrieren<\/h1>\n<\/div>\n<div class=\"fusion-text fusion-text-1\">\n<p>Um die Downloads anzusehen, m\u00fcssen Sie sich zun\u00e4chst anmelden. Sie haben noch kein Konto? Dann registrieren Sie sich \u00fcber das Formular auf dieser Seite. Die Anmeldung wird zun\u00e4chst manuell von uns gepr\u00fcft. Bei Genehmigung erhalten Sie eine Best\u00e4tigungs-E-Mail und k\u00f6nnen sich anschlie\u00dfend sofort anmelden.<\/p>\n<\/div>\n<\/div>\n<\/div>\n<\/div>\n<\/div>\n<div class=\"fusion-fullwidth fullwidth-box fusion-builder-row-2 fusion-flex-container has-pattern-background has-mask-background hundred-percent-fullwidth non-hundred-percent-height-scrolling\" style=\"--awb-border-sizes-top:0px;--awb-border-sizes-bottom:0px;--awb-border-sizes-left:0px;--awb-border-sizes-right:0px;--awb-border-radius-top-left:0px;--awb-border-radius-top-right:0px;--awb-border-radius-bottom-right:0px;--awb-border-radius-bottom-left:0px;--awb-padding-top:0px;--awb-padding-right:10%;--awb-padding-bottom:0px;--awb-padding-left:10%;--awb-margin-top:0%;--awb-flex-wrap:wrap;\" >\n<div class=\"fusion-builder-row fusion-row fusion-flex-align-items-flex-start fusion-flex-content-wrap\" style=\"width:104% !important;max-width:104% !important;margin-left: calc(-4% \/ 2 );margin-right: calc(-4% \/ 2 );\">\n<div class=\"fusion-layout-column fusion_builder_column fusion-builder-column-1 fusion_builder_column_1_2 1_2 fusion-flex-column\" style=\"--awb-padding-top:50px;--awb-padding-right:50px;--awb-padding-bottom:50px;--awb-padding-left:50px;--awb-bg-color:var(--awb-color2);--awb-bg-color-hover:var(--awb-color2);--awb-bg-size:cover;--awb-width-large:50%;--awb-margin-top-large:50px;--awb-spacing-right-large:3.84%;--awb-margin-bottom-large:50px;--awb-spacing-left-large:3.84%;--awb-width-medium:100%;--awb-order-medium:0;--awb-spacing-right-medium:1.92%;--awb-spacing-left-medium:1.92%;--awb-width-small:100%;--awb-order-small:0;--awb-spacing-right-small:1.92%;--awb-spacing-left-small:1.92%;\" data-scroll-devices=\"small-visibility,medium-visibility,large-visibility\">\n<div class=\"fusion-column-wrapper fusion-column-has-shadow fusion-flex-justify-content-flex-start fusion-content-layout-column\">\n<div class=\"fusion-title title fusion-title-2 fusion-sep-none fusion-title-text fusion-title-size-four\" style=\"--awb-margin-top-small:0px;--awb-margin-right-small:0px;--awb-margin-bottom-small:20px;--awb-margin-left-small:0px;\">\n<h4 class=\"fusion-title-heading title-heading-left fusion-responsive-typography-calculated\" style=\"margin:0;text-transform:capitalize;--fontSize:24;line-height:1;\">Anmelden<\/h4>\n<\/div>\n<div class=\"fusion-text fusion-text-2\">\n<div class=\"forminator-ui forminator-custom-form forminator-custom-form-9980 forminator-design--material  forminator_ajax\" data-forminator-render=\"0\" data-form=\"forminator-module-9980\" data-uid=\"69df1388ebbd7\"><\/div>\n<form\n\t\t\t\tid=\"forminator-module-9980\"\n\t\t\t\tclass=\"forminator-ui forminator-custom-form forminator-custom-form-9980 forminator-design--material  forminator_ajax\"\n\t\t\t\tmethod=\"post\"\n\t\t\t\tdata-forminator-render=\"0\"\n\t\t\t\tdata-form-id=\"9980\"\n\t\t\t\t data-color-option=\"default\" data-design=\"material\" data-grid=\"open\" style=\"display: none;\"\n\t\t\t\tdata-uid=\"69df1388ebbd7\"\n\t\t\t><\/p>\n<div role=\"alert\" aria-live=\"polite\" class=\"forminator-response-message forminator-error\" aria-hidden=\"true\"><\/div>\n<div class=\"forminator-row\">\n<div id=\"text-1\" class=\"forminator-field-text forminator-col forminator-col-12 \">\n<div class=\"forminator-field\"><label for=\"forminator-field-text-1_69df1388ebbd7\" id=\"forminator-field-text-1_69df1388ebbd7-label\" class=\"forminator-label\">Benutzername oder E-Mail-Adresse <span class=\"forminator-required\">*<\/span><\/label><input type=\"text\" name=\"text-1\" value=\"\" placeholder=\"\" id=\"forminator-field-text-1_69df1388ebbd7\" class=\"forminator-input forminator-name--field\" data-required=\"true\" \/><\/div>\n<\/div>\n<\/div>\n<div class=\"forminator-row\">\n<div id=\"password-1\" class=\"forminator-field-password forminator-col forminator-col-12 \">\n<div class=\"forminator-field\"><label for=\"forminator-field-password-1_69df1388ebbd7\" id=\"forminator-field-password-1_69df1388ebbd7-label\" class=\"forminator-label\">Passwort <span class=\"forminator-required\">*<\/span><\/label><input name=\"password-1\" value=\"\" placeholder=\"\" id=\"forminator-field-password-1_69df1388ebbd7\" class=\"forminator-input forminator-name--field\" data-required=\"true\" type=\"password\" aria-describedby=\"forminator-field-password-1_69df1388ebbd7-description\" \/><\/div>\n<div class=\"forminator-description forminator-description-password\" id=\"forminator-field-password-1_69df1388ebbd7-description\">\n<p><a rel=\"noopener\" href=\"https:\/\/www.design2chill.com\/wp-login.php?action=lostpassword&amp;redirect_to\" title=\"Haben Sie das Passwort vergessen?\">Haben Sie das Passwort vergessen?<\/a><\/p>\n<\/div>\n<\/div>\n<\/div>\n<div class=\"forminator-row\">\n<div id=\"captcha-1\" class=\"forminator-field-captcha forminator-col forminator-col-12 \">\n<div class=\"forminator-captcha-left forminator-turnstile\" data-theme=\"auto\" data-language=\"nl\" data-sitekey=\"0x4AAAAAABRiwbkqQHKxb-FC\" data-size=\"normal\"><\/div>\n<\/p><\/div>\n<\/div>\n<div class=\"forminator-row\">\n<div id=\"checkbox-1\" class=\"forminator-field-checkbox forminator-col forminator-col-12  remember-me\">\n<div role=\"group\" class=\"forminator-field\" aria-labelledby=\"forminator-checkbox-group-forminator-field-checkbox-1-69df1388ebbd7-label\"><label id=\"forminator-field-checkbox-1-1-69df1388ebbd7-label\" for=\"forminator-field-checkbox-1-1-69df1388ebbd7\" class=\"forminator-checkbox\" title=\"Erinnere dich an mich\"><input type=\"checkbox\" name=\"checkbox-1[]\" value=\"remember-me\" id=\"forminator-field-checkbox-1-1-69df1388ebbd7\" aria-labelledby=\"forminator-field-checkbox-1-1-69df1388ebbd7-label\" data-calculation=\"0\"  \/><span class=\"forminator-checkbox-box\" aria-hidden=\"true\"><\/span><span class=\"forminator-checkbox-label\">Erinnere dich an mich<\/span><\/label><\/div>\n<\/div>\n<\/div>\n<p><input type=\"hidden\" name=\"referer_url\" value=\"\" \/><\/p>\n<div class=\"forminator-authentication\">\n<div role=\"dialog\" id=\"forminator-module-9980-authentication\" class=\"forminator-authentication-content\" aria-modal=\"true\" aria-labelledby=\"forminator-module-9980-authentication-title\">\n<h1 id=\"forminator-module-9980-authentication-title\"><a href=\"https:\/\/de.wordpress.org\/\" title=\"Powered by WordPress\" style=\"background-image: url(https:\/\/www.design2chill.com\/wp-content\/plugins\/wp-defender\/assets\/img\/2factor-disabled.svg);\">Authentifizierung f\u00fcr die Anmeldung<\/a><\/h1>\n<div role=\"alert\" aria-live=\"polite\" id=\"forminator-module-9980-authentication-notice\" class=\"forminator-authentication-notice\" data-error-message=\"Der Passcode war falsch.\"><\/div>\n<div class=\"forminator-authentication-box\" id=\"forminator-2fa-totp\">\n<p class=\"wpdef-2fa-label\">TOTP Authentication<\/p>\n<p class=\"wpdef-2fa-text def-otp-text\">Open your authentication app and type the 6 digit passcode to log in to your account.<\/p>\n<p>\t\t<input type=\"text\" autofocus value=\"\" autocomplete=\"off\" name=\"otp\"\/><br \/>\n\t\t<button class=\"button button-primary float-r\" type=\"submit\"><br \/>\n\t\t\tAuthenticate\t\t<\/button>\n\t\t<\/div>\n<div class=\"forminator-authentication-box\" id=\"forminator-2fa-backup-codes\">\n<p class=\"wpdef-2fa-label\">Backup Codes<\/p>\n<p class=\"wpdef-2fa-text\">\n\t\t\tEnter one of your recovery codes to log in to your account.\t\t<\/p>\n<p>\t\t<input type=\"text\" autofocus value=\"\" autocomplete=\"off\" name=\"backup-codes\"><br \/>\n\t\t<button class=\"button button-primary float-r\"\n\t\t\t\ttype=\"submit\">Authenticate<\/button>\n\t\t<\/div>\n<div class=\"forminator-authentication-box\" id=\"forminator-2fa-fallback-email\">\n<p class=\"wpdef-2fa-label\">Fallback Email<\/p>\n<p class=\"wpdef-2fa-text\">\n\t\t\tWe&#039;ve sent a one-time passcode to your fallback email address. Enter it below to log in to your account.\t\t<\/p>\n<p>\t\t<input type=\"text\" autofocus value=\"\" autocomplete=\"off\" name=\"otp\"\/><br \/>\n\t\t<button class=\"button button-primary float-r\" type=\"submit\"><br \/>\n\t\t\tAuthenticate\t\t<\/button><\/p>\n<p class=\"wpdef-2fa-email-resend\">\n\t\t\t<button class=\"button button-secondary\" type=\"button\" id=\"wd-2fa-resend-code\"><br \/>\n\t\t\t\tResend Code\t\t\t\t<img decoding=\"async\" class=\"lazyload def-ajaxloader\" src=\"data:image\/gif;base64,R0lGODlhAQABAAAAACH5BAEKAAEALAAAAAABAAEAAAICTAEAOw==\" data-orig-src=\"https:\/\/www.design2chill.com\/wp-content\/plugins\/wp-defender\/assets\/img\/spinner.svg\"\/><br \/>\n\t\t\t<\/button>\n\t\t<\/p>\n<\/p><\/div>\n<div class=\"forminator-authentication-box\" id=\"forminator-2fa-webauthn\">\n<div class=\"welcome-screen\">\n<p class=\"wpdef-2fa-label\">Web Authentication<\/p>\n<p>Select an authentication method to continue.<\/p>\n<div class=\"option-row\" data-authType=\"platform\">\n\t\t\t\t<span class=\"icon biometric\"><\/span><br \/>\n\t\t\t\t<span><br \/>\n\t\t\t\t\t<strong class=\"option-hd\">Biometric Authentication<\/strong><br \/>\n\t\t\t\t\tUse fingerprint or facial recognition\t\t\t\t<\/span>\n\t\t\t<\/div>\n<div class=\"option-row\" data-authType=\"cross-platform\">\n\t\t\t\t<span class=\"icon hardware\"><\/span><br \/>\n\t\t\t\t<span><br \/>\n\t\t\t\t\t<strong class=\"option-hd\">Hardware Key Authentication<\/strong><br \/>\n\t\t\t\t\tUse USB security keys to login\t\t\t\t<\/span>\n\t\t\t<\/div>\n<\/p><\/div>\n<div class=\"webauthn-content-wrap\">\n<div class=\"webauthn-platform\" style=\"display:none;\">\n<p class=\"wpdef-2fa-label\">Biometric Authentication<\/p>\n<p class=\"wpdef-2fa-text\">\n\t\t\t\t\tPlease verify your identity using fingerprint or facial recognition.\t\t\t\t<\/p>\n<\/p><\/div>\n<div class=\"webauthn-cross-platform\" style=\"display:none;\">\n<p class=\"wpdef-2fa-label\">Hardware Key Authentication<\/p>\n<p class=\"wpdef-2fa-text\">\n\t\t\t\t\tInsert and tap on your USB security key to login.\t\t\t\t<\/p>\n<\/p><\/div>\n<p class=\"wpdef-2fa-text wpdef-2fa-biometric-process-desc\" style=\"display: none;\">\n\t\t\t\t<img decoding=\"async\" class=\"lazyload def-loader\" src=\"data:image\/gif;base64,R0lGODlhAQABAAAAACH5BAEKAAEALAAAAAABAAEAAAICTAEAOw==\" data-orig-src=\"https:\/\/www.design2chill.com\/wp-content\/plugins\/wp-defender\/assets\/img\/spinner.svg\"\n\t\t\t\t\talt=\"loading\"><br \/>\n\t\t\t\tVerification in process&#8230;\t\t\t<\/p>\n<div class=\"wpdef-2fa-webauthn-control\" style=\"display:none;\">\n\t\t\t\t<button type=\"button\" class=\"button\"\n\t\t\t\t\t\tid=\"wpdef-2fa-webauthn-back-btn\">Back<\/button><br \/>\n\t\t\t\t<button type=\"button\" class=\"button button-primary float-r\" id=\"wpdef-2fa-biometric-retry-btn\"><br \/>\n\t\t\t\t\t<span class=\"dashicons dashicons-update\"><\/span><br \/>\n\t\t\t\t\tRetry\t\t\t\t<\/button>\n\t\t\t<\/div>\n<p>\t\t\t<input type=\"hidden\" id=\"wpdef-2fa-biometric-data\" name=\"data\"\/><br \/>\n\t\t\t<input type=\"hidden\" id=\"wpdef-2fa-biometric-username\" name=\"username\"\/><br \/>\n\t\t\t<input type=\"hidden\" id=\"wpdef-2fa-biometric-client-id\" name=\"client_id\"\/><br \/>\n\t\t\t<input type=\"hidden\" id=\"wpdef-2fa-biometric-nonce\" name=\"_def_nonce\"\/><br \/>\n\t\t\t<button id=\"wpdef-2fa-biometric-submit-btn\" type=\"submit\" style=\"display:none;\"><\/button>\n\t\t<\/div>\n<\/p><\/div>\n<p><input type=\"hidden\" class=\"forminator-auth-method\" name=\"auth_method\" value=\"webauthn\" id=\"forminator-module-9980-authentication-input\" disabled \/><input type=\"hidden\" class=\"forminator-auth-token\" name=\"auth_token\" id=\"forminator-module-9980-authentication-token\" \/><\/p>\n<div class=\"forminator-wrap-nav\">Hast du Probleme? Versuche einen anderen Weg, sich anzumelden<\/p>\n<ul class=\"forminator-authentication-nav\">\n<li class=\"forminator-2fa-link\" id=\"forminator-2fa-link-totp\" data-slug=\"totp\">TOTP Authentication<\/li>\n<li class=\"forminator-2fa-link\" id=\"forminator-2fa-link-backup-codes\" data-slug=\"backup-codes\">Backup Codes<\/li>\n<li class=\"forminator-2fa-link\" id=\"forminator-2fa-link-fallback-email\" data-slug=\"fallback-email\">Fallback Email<\/li>\n<li class=\"forminator-2fa-link\" id=\"forminator-2fa-link-webauthn\" data-slug=\"webauthn\">Web Authentication<\/li>\n<\/ul>\n<p><img decoding=\"async\" class=\"lazyload def-ajaxloader\" src=\"data:image\/gif;base64,R0lGODlhAQABAAAAACH5BAEKAAEALAAAAAABAAEAAAICTAEAOw==\" data-orig-src=\"https:\/\/www.design2chill.com\/wp-content\/plugins\/wp-defender\/assets\/img\/spinner.svg\"\/><strong class=\"notification\"><\/strong><\/div>\n<p class=\"forminator-authentication-backtolog\"><a class=\"auth-back\" href=\"#\">&larr; Back to Design2Chill<\/a><\/p>\n<\/div>\n<\/div>\n<div class=\"forminator-row forminator-row-last\">\n<div class=\"forminator-col\">\n<div class=\"forminator-field\"><button class=\"forminator-button forminator-button-submit\"><span>Anmelden<\/span><span aria-hidden=\"true\"><\/span><\/button><\/div>\n<\/div>\n<\/div>\n<p><input type=\"hidden\" id=\"forminator_nonce\" name=\"forminator_nonce\" value=\"a60695de18\" \/><input type=\"hidden\" name=\"_wp_http_referer\" value=\"\/de\/wp-json\/wp\/v2\/pages\/10274\" \/><input type=\"hidden\" name=\"form_id\" value=\"9980\"><input type=\"hidden\" name=\"page_id\" value=\"10274\"><input type=\"hidden\" name=\"form_type\" value=\"login\"><input type=\"hidden\" name=\"current_url\" value=\"https:\/\/www.design2chill.com\/de\/anmelden-registrieren\/\"><input type=\"hidden\" name=\"render_id\" value=\"0\"><input type=\"hidden\" name=\"redirect_to\" value=\"https:\/\/www.design2chill.com\/wp-admin\/\"><input type=\"hidden\" name=\"action\" value=\"forminator_submit_form_custom-forms\"><\/form>\n<\/div>\n<\/div>\n<\/div>\n<div class=\"fusion-layout-column fusion_builder_column fusion-builder-column-2 fusion_builder_column_1_2 1_2 fusion-flex-column\" style=\"--awb-padding-top:50px;--awb-padding-right:50px;--awb-padding-bottom:50px;--awb-padding-left:50px;--awb-bg-color:var(--awb-color2);--awb-bg-color-hover:var(--awb-color2);--awb-bg-size:cover;--awb-width-large:50%;--awb-margin-top-large:50px;--awb-spacing-right-large:3.84%;--awb-margin-bottom-large:50px;--awb-spacing-left-large:3.84%;--awb-width-medium:100%;--awb-order-medium:0;--awb-spacing-right-medium:1.92%;--awb-spacing-left-medium:1.92%;--awb-width-small:100%;--awb-order-small:0;--awb-spacing-right-small:1.92%;--awb-spacing-left-small:1.92%;\" data-scroll-devices=\"small-visibility,medium-visibility,large-visibility\">\n<div class=\"fusion-column-wrapper fusion-column-has-shadow fusion-flex-justify-content-flex-start fusion-content-layout-column\">\n<div class=\"fusion-title title fusion-title-3 fusion-sep-none fusion-title-text fusion-title-size-four\" style=\"--awb-margin-top-small:0px;--awb-margin-right-small:0px;--awb-margin-bottom-small:20px;--awb-margin-left-small:0px;\">\n<h4 class=\"fusion-title-heading title-heading-left fusion-responsive-typography-calculated\" style=\"margin:0;text-transform:capitalize;--fontSize:24;line-height:1;\">Registrieren<\/h4>\n<\/div>\n<div class=\"fusion-text fusion-text-3\">\n<div class=\"forminator-ui forminator-custom-form forminator-custom-form-9979 forminator-design--material  forminator_ajax\" data-forminator-render=\"0\" data-form=\"forminator-module-9979\" data-uid=\"69df1389048c3\"><\/div>\n<form\n\t\t\t\tid=\"forminator-module-9979\"\n\t\t\t\tclass=\"forminator-ui forminator-custom-form forminator-custom-form-9979 forminator-design--material  forminator_ajax\"\n\t\t\t\tmethod=\"post\"\n\t\t\t\tdata-forminator-render=\"0\"\n\t\t\t\tdata-form-id=\"9979\"\n\t\t\t\t data-color-option=\"default\" data-design=\"material\" data-grid=\"open\" style=\"display: none;\"\n\t\t\t\tdata-uid=\"69df1389048c3\"\n\t\t\t><\/p>\n<div role=\"alert\" aria-live=\"polite\" class=\"forminator-response-message forminator-error\" aria-hidden=\"true\"><\/div>\n<div class=\"forminator-row\">\n<div id=\"name-1\" class=\"forminator-field-name forminator-col forminator-col-12 \">\n<div class=\"forminator-field\"><label for=\"forminator-field-name-1_69df1389048c3\" id=\"forminator-field-name-1_69df1389048c3-label\" class=\"forminator-label\">Name der Firma <span class=\"forminator-required\">*<\/span><\/label><input type=\"text\" name=\"name-1\" value=\"\" placeholder=\"\" id=\"forminator-field-name-1_69df1389048c3\" class=\"forminator-input forminator-name--field\" aria-required=\"true\" autocomplete=\"name\" \/><\/div>\n<\/div>\n<\/div>\n<div class=\"forminator-row\">\n<div id=\"text-1\" class=\"forminator-field-text forminator-col forminator-col-12 \">\n<div class=\"forminator-field\"><label for=\"forminator-field-text-1_69df1389048c3\" id=\"forminator-field-text-1_69df1389048c3-label\" class=\"forminator-label\">Benutzername <span class=\"forminator-required\">*<\/span><\/label><input type=\"text\" name=\"text-1\" value=\"\" placeholder=\"\" id=\"forminator-field-text-1_69df1389048c3\" class=\"forminator-input forminator-name--field\" data-required=\"true\" \/><\/div>\n<\/div>\n<\/div>\n<div class=\"forminator-row\">\n<div id=\"email-1\" class=\"forminator-field-email forminator-col forminator-col-12 \">\n<div class=\"forminator-field\"><label for=\"forminator-field-email-1_69df1389048c3\" id=\"forminator-field-email-1_69df1389048c3-label\" class=\"forminator-label\">E-Mail-Adresse <span class=\"forminator-required\">*<\/span><\/label><input type=\"email\" name=\"email-1\" value=\"\" placeholder=\"\" id=\"forminator-field-email-1_69df1389048c3\" class=\"forminator-input forminator-email--field\" data-required=\"true\" aria-required=\"true\" autocomplete=\"email\" \/><\/div>\n<\/div>\n<\/div>\n<div class=\"forminator-row\">\n<div id=\"password-1\" class=\"forminator-field-password forminator-col forminator-col-12 \">\n<div class=\"forminator-field\"><label for=\"forminator-field-password-1_69df1389048c3\" id=\"forminator-field-password-1_69df1389048c3-label\" class=\"forminator-label\">Passwort <span class=\"forminator-required\">*<\/span><\/label><input name=\"password-1\" value=\"\" placeholder=\"\" id=\"forminator-field-password-1_69df1389048c3\" class=\"forminator-input forminator-name--field\" data-required=\"true\" type=\"password\" \/><\/div>\n<\/div>\n<\/div>\n<div class=\"forminator-row\">\n<div class=\"forminator-col forminator-col-12\">\n<div class=\"forminator-field\"><label for=\"forminator-field-confirm_password-1_69df1389048c3\" id=\"forminator-field-confirm_password-1_69df1389048c3-label\" class=\"forminator-label\">Confirm password <span class=\"forminator-required\">*<\/span><\/label><input name=\"confirm_password-1\" value=\"\" placeholder=\"\" id=\"forminator-field-confirm_password-1_69df1389048c3\" class=\"forminator-input forminator-name--field\" data-required=\"true\" type=\"password\" \/><\/div>\n<\/div>\n<\/div>\n<div class=\"forminator-row\">\n<div id=\"captcha-1\" class=\"forminator-field-captcha forminator-col forminator-col-12 \">\n<div class=\"forminator-captcha-left forminator-turnstile\" data-theme=\"auto\" data-language=\"nl\" data-sitekey=\"0x4AAAAAABRiwbkqQHKxb-FC\" data-size=\"normal\"><\/div>\n<\/p><\/div>\n<\/div>\n<p><input type=\"hidden\" name=\"referer_url\" value=\"\" \/><\/p>\n<div class=\"forminator-row forminator-row-last\">\n<div class=\"forminator-col\">\n<div class=\"forminator-field\"><button class=\"forminator-button forminator-button-submit\"><span>Registrieren<\/span><span aria-hidden=\"true\"><\/span><\/button><\/div>\n<\/div>\n<\/div>\n<p><input type=\"hidden\" id=\"forminator_nonce\" name=\"forminator_nonce\" value=\"287efce121\" \/><input type=\"hidden\" name=\"_wp_http_referer\" value=\"\/de\/wp-json\/wp\/v2\/pages\/10274\" \/><input type=\"hidden\" name=\"form_id\" value=\"9979\"><input type=\"hidden\" name=\"page_id\" value=\"10274\"><input type=\"hidden\" name=\"form_type\" value=\"registration\"><input type=\"hidden\" name=\"current_url\" value=\"https:\/\/www.design2chill.com\/de\/anmelden-registrieren\/\"><input type=\"hidden\" name=\"render_id\" value=\"0\"><input type=\"hidden\" name=\"action\" value=\"forminator_submit_form_custom-forms\"><\/form>\n<\/div>\n<\/div>\n<\/div>\n<\/div>\n<\/div>\n","protected":false},"excerpt":{"rendered":"","protected":false},"author":1,"featured_media":0,"parent":0,"menu_order":0,"comment_status":"closed","ping_status":"closed","template":"100-width.php","meta":{"_acf_changed":false,"_vp_format_video_url":"","_vp_image_focal_point":[],"footnotes":""},"class_list":["post-10274","page","type-page","status-publish","hentry"],"acf":[],"_links":{"self":[{"href":"https:\/\/www.design2chill.com\/de\/wp-json\/wp\/v2\/pages\/10274","targetHints":{"allow":["GET"]}}],"collection":[{"href":"https:\/\/www.design2chill.com\/de\/wp-json\/wp\/v2\/pages"}],"about":[{"href":"https:\/\/www.design2chill.com\/de\/wp-json\/wp\/v2\/types\/page"}],"author":[{"embeddable":true,"href":"https:\/\/www.design2chill.com\/de\/wp-json\/wp\/v2\/users\/1"}],"replies":[{"embeddable":true,"href":"https:\/\/www.design2chill.com\/de\/wp-json\/wp\/v2\/comments?post=10274"}],"version-history":[{"count":3,"href":"https:\/\/www.design2chill.com\/de\/wp-json\/wp\/v2\/pages\/10274\/revisions"}],"predecessor-version":[{"id":10277,"href":"https:\/\/www.design2chill.com\/de\/wp-json\/wp\/v2\/pages\/10274\/revisions\/10277"}],"wp:attachment":[{"href":"https:\/\/www.design2chill.com\/de\/wp-json\/wp\/v2\/media?parent=10274"}],"curies":[{"name":"wp","href":"https:\/\/api.w.org\/{rel}","templated":true}]}}