{"id":10146,"date":"2025-01-30T21:27:28","date_gmt":"2025-01-30T20:27:28","guid":{"rendered":"https:\/\/www.design2chill.com\/kollektion\/sonnenliegen\/"},"modified":"2025-03-25T17:22:49","modified_gmt":"2025-03-25T16:22:49","slug":"sonnenliegen","status":"publish","type":"page","link":"https:\/\/www.design2chill.com\/de\/kollektion\/sonnenliegen\/","title":{"rendered":"Sonnenliegen"},"content":{"rendered":"<p><div class=\"fusion-fullwidth fullwidth-box fusion-builder-row-1 fusion-flex-container has-pattern-background has-mask-background hundred-percent-fullwidth non-hundred-percent-height-scrolling\" style=\"--awb-background-position:left top;--awb-border-sizes-top:0px;--awb-border-sizes-bottom:0px;--awb-border-sizes-left:0px;--awb-border-sizes-right:0px;--awb-border-radius-top-left:0px;--awb-border-radius-top-right:0px;--awb-border-radius-bottom-right:0px;--awb-border-radius-bottom-left:0px;--awb-padding-top:0px;--awb-padding-right:10%;--awb-padding-bottom:0px;--awb-padding-left:10%;--awb-margin-top:7%;--awb-flex-wrap:wrap;\" ><div class=\"fusion-builder-row fusion-row fusion-flex-align-items-flex-start fusion-flex-content-wrap\" style=\"width:104% !important;max-width:104% !important;margin-left: calc(-4% \/ 2 );margin-right: calc(-4% \/ 2 );\"><div class=\"fusion-layout-column fusion_builder_column fusion-builder-column-0 fusion_builder_column_1_1 1_1 fusion-flex-column fusion-flex-align-self-flex-start fusion-column-no-min-height\" style=\"--awb-bg-size:cover;--awb-width-large:100%;--awb-margin-top-large:0px;--awb-spacing-right-large:1.92%;--awb-margin-bottom-large:0px;--awb-spacing-left-large:1.92%;--awb-width-medium:100%;--awb-spacing-right-medium:1.92%;--awb-spacing-left-medium:1.92%;--awb-width-small:100%;--awb-spacing-right-small:1.92%;--awb-spacing-left-small:1.92%;\"><div class=\"fusion-column-wrapper fusion-flex-justify-content-flex-start fusion-content-layout-column\"><div class=\"fusion-title title fusion-title-1 fusion-sep-none fusion-title-text fusion-title-size-one\" style=\"--awb-margin-top-small:0px;--awb-margin-right-small:0px;--awb-margin-bottom-small:20px;--awb-margin-left-small:0px;\"><h1 class=\"fusion-title-heading title-heading-left fusion-responsive-typography-calculated\" style=\"margin:0;text-transform:capitalize;--fontSize:52;line-height:1;\">Sonnenliegen<\/h1><\/div><div class=\"fusion-text fusion-text-1\"><p>Alle Sonnenliegen von Design2Chill sind eine optimale Kombination aus Design und Funktionalit\u00e4t und bieten den optimalen Komfort f\u00fcr Erholung in Ihrem Garten oder auf Ihrer Terrasse. Das Design verbreitet Ruhe pur, wodurch Sie sofort in die richtige Laune versetzt werden, Ihren Au\u00dfenbereich zu genie\u00dfen.<\/p>\n<p>Dank des hydraulischen Gasfedersystems, das dezent\u00a0 verarbeitet\u00a0 ist, k\u00f6nnen Sie mit einem Knopfdruck die R\u00fcckenlehne dieser Sonnenliege in jede erw\u00fcnschte Position einstellen. Dies sorgt daf\u00fcr, dass die Liege \u00e4u\u00dferst flexibel ist und den optimalen Augenblick der Entspannung hervorruft, ob Sie nun sitzen oder eine bequeme Zwischenposition einnehmen m\u00f6chten.<\/p>\n<p>Dieses Modell gibt es in einer <strong>1- und 2- Sitzer-Variante<\/strong> , so dass Sie sich f\u00fcr eine Liege entscheiden k\u00f6nnen, die Ihren Bed\u00fcrfnissen und Ihrem Platz entspricht. Alle Ausf\u00fchrungen sind mit <strong>Schwenkr\u00e4dern<\/strong> ausgestattet, dies erleichtert das Umstellen der Liege, damit Sie immer den perfekten Ort zum Entspannen finden k\u00f6nnen.<\/p>\n<p>Die Edelstahlgestelle k\u00f6nnen in jeder RAL-farbe puderbeschichtet werden und in Kombination mit einer Wahl aus mehr als 1000 Stoffen entsteht ein Liegebett, das einzigartig ist.<\/p>\n<p>Ob Sie nun die Sonne genie\u00dfen m\u00f6chten oder ein Buch lesen oder sich schlichtweg ausruhen m\u00f6chten, die Liegebetten \u00a0bietet Ihnen den Luxus und den Komfort, den Sie verdienen. F\u00fcgen Sie Ihrem Outdoorbereich mit einem Liegebett von Design2Chill einen Hauch von Luxus hinzu.<\/p>\n<\/div><\/div><\/div><\/div><\/div><div class=\"fusion-fullwidth fullwidth-box fusion-builder-row-2 fusion-flex-container has-pattern-background has-mask-background hundred-percent-fullwidth non-hundred-percent-height-scrolling\" style=\"--awb-background-position:left top;--awb-border-sizes-top:0px;--awb-border-sizes-bottom:0px;--awb-border-sizes-left:0px;--awb-border-sizes-right:0px;--awb-border-radius-top-left:0px;--awb-border-radius-top-right:0px;--awb-border-radius-bottom-right:0px;--awb-border-radius-bottom-left:0px;--awb-padding-top:0px;--awb-padding-right:10%;--awb-padding-bottom:0px;--awb-padding-left:10%;--awb-margin-top:4%;--awb-flex-wrap:wrap;\" ><div class=\"fusion-builder-row fusion-row fusion-flex-align-items-flex-start fusion-flex-content-wrap\" style=\"width:104% !important;max-width:104% !important;margin-left: calc(-4% \/ 2 );margin-right: calc(-4% \/ 2 );\"><div class=\"fusion-layout-column fusion_builder_column fusion-builder-column-1 fusion_builder_column_1_1 1_1 fusion-flex-column fusion-flex-align-self-flex-start fusion-column-no-min-height\" style=\"--awb-bg-size:cover;--awb-width-large:100%;--awb-margin-top-large:0px;--awb-spacing-right-large:1.92%;--awb-margin-bottom-large:0px;--awb-spacing-left-large:1.92%;--awb-width-medium:100%;--awb-spacing-right-medium:1.92%;--awb-spacing-left-medium:1.92%;--awb-width-small:100%;--awb-spacing-right-small:1.92%;--awb-spacing-left-small:1.92%;\"><div class=\"fusion-column-wrapper fusion-flex-justify-content-flex-start fusion-content-layout-column\"><div class=\"fusion-text fusion-text-2\">\n<div class=\"vp-portfolio vp-uid-2ac6303b vp-id-10153 \"\n\tdata-vp-layout=\"tiles\" data-vp-content-source=\"post-based\" data-vp-items-style=\"fade\" data-vp-items-click-action=\"url\" data-vp-items-gap=\"15\" data-vp-items-gap-vertical=\"\" data-vp-pagination=\"load-more\" data-vp-next-page-url=\"\" data-vp-tiles-type=\"3|1,0.8|\" >\n\t<div class=\"vp-portfolio__preloader-wrap\">\n\t\t<div class=\"vp-portfolio__preloader\">\n\t\t\t<img class=\"lazyload\" decoding=\"async\" loading=\"eager\" src=\"data:image\/svg+xml,%3Csvg%20xmlns%3D%27http%3A%2F%2Fwww.w3.org%2F2000%2Fsvg%27%20width%3D%2720%27%20height%3D%2720%27%20viewBox%3D%270%200%2020%2020%27%3E%3Crect%20width%3D%2720%27%20height%3D%2720%27%20fill-opacity%3D%220%22%2F%3E%3C%2Fsvg%3E\" data-orig-src=\"https:\/\/www.design2chill.com\/wp-content\/plugins\/visual-portfolio\/assets\/images\/logo-dark.svg\" alt=\"Visual Portfolio, Posts &amp; Image Gallery for WordPress\" width=\"20\" height=\"20\" data-skip-lazy>\n\t\t<\/div>\n\t<\/div>\n\t\t<div class=\"vp-portfolio__items-wrap\">\n\t\t\t\n<div class=\"vp-portfolio__items vp-portfolio__items-style-fade vp-portfolio__items-show-overlay-always\">\n\n\t\t<article\t\tclass=\"vp-portfolio__item-wrap post-10069 post type-post status-publish format-standard has-post-thumbnail hentry category-liege vp-portfolio__item-uid-89cb4242\" data-vp-filter=\"liege\" \t\t>\n\t\t\t\t\t\t\t\t\t<figure class=\"vp-portfolio__item\">\n\t\t\t\t\n<div class=\"vp-portfolio__item-img-wrap\">\n\t<div class=\"vp-portfolio__item-img\">\n\t\t\t<a\n\t\thref=\"https:\/\/www.design2chill.com\/de\/liege\/rembrandt\/\"\n\t\taria-label=\"Rembrandt\" \t>\n\t\n\t\t<img decoding=\"async\" width=\"1048\" height=\"699\" src=\"https:\/\/www.design2chill.com\/wp-content\/uploads\/2025\/01\/rembrandt_daybeds_cover.jpg\" class=\"wp-image-7849 lazyload\" alt=\"Design2Chill - Rembrandt\" srcset=\"data:image\/svg+xml,%3Csvg%20xmlns%3D%27http%3A%2F%2Fwww.w3.org%2F2000%2Fsvg%27%20width%3D%271048%27%20height%3D%27699%27%20viewBox%3D%270%200%201048%20699%27%3E%3Crect%20width%3D%271048%27%20height%3D%27699%27%20fill-opacity%3D%220%22%2F%3E%3C%2Fsvg%3E\" data-orig-src=\"https:\/\/www.design2chill.com\/wp-content\/uploads\/2025\/01\/rembrandt_daybeds_cover.jpg\" data-srcset=\"https:\/\/www.design2chill.com\/wp-content\/uploads\/2025\/01\/rembrandt_daybeds_cover-200x133.jpg 200w, https:\/\/www.design2chill.com\/wp-content\/uploads\/2025\/01\/rembrandt_daybeds_cover-300x200.jpg 300w, https:\/\/www.design2chill.com\/wp-content\/uploads\/2025\/01\/rembrandt_daybeds_cover-400x267.jpg 400w, https:\/\/www.design2chill.com\/wp-content\/uploads\/2025\/01\/rembrandt_daybeds_cover-500x333.jpg 500w, https:\/\/www.design2chill.com\/wp-content\/uploads\/2025\/01\/rembrandt_daybeds_cover-600x400.jpg 600w, https:\/\/www.design2chill.com\/wp-content\/uploads\/2025\/01\/rembrandt_daybeds_cover-768x512.jpg 768w, https:\/\/www.design2chill.com\/wp-content\/uploads\/2025\/01\/rembrandt_daybeds_cover-800x534.jpg 800w, https:\/\/www.design2chill.com\/wp-content\/uploads\/2025\/01\/rembrandt_daybeds_cover-1024x683.jpg 1024w, https:\/\/www.design2chill.com\/wp-content\/uploads\/2025\/01\/rembrandt_daybeds_cover.jpg 1048w\" data-sizes=\"auto\" \/>\n\t\t<\/a>\t<\/div>\n<\/div>\n\t<figcaption class=\"vp-portfolio__item-overlay vp-portfolio__item-overlay-text-align-bottom-center\">\n\t\t<div class=\"vp-portfolio__item-meta-wrap vp-portfolio__custom-scrollbar\">\n\t\t\t\t<a\n\t\thref=\"https:\/\/www.design2chill.com\/de\/liege\/rembrandt\/\"\n\t\ttabindex=\"-1\" class=\"vp-portfolio__item-meta\" aria-label=\"Rembrandt\" \t>\n\t\n<h2 class=\"vp-portfolio__item-meta-title\">\n\tRembrandt<\/h2>\n<\/a>\t\t<\/div>\n\t<\/figcaption>\n\t\t\t<\/figure>\n\t\t\t\t\t<\/article>\n\t\t\n\t\t<article\t\tclass=\"vp-portfolio__item-wrap post-10092 post type-post status-publish format-standard has-post-thumbnail hentry category-liege vp-portfolio__item-uid-99818705\" data-vp-filter=\"liege\" \t\t>\n\t\t\t\t\t\t\t\t\t<figure class=\"vp-portfolio__item\">\n\t\t\t\t\n<div class=\"vp-portfolio__item-img-wrap\">\n\t<div class=\"vp-portfolio__item-img\">\n\t\t\t<a\n\t\thref=\"https:\/\/www.design2chill.com\/de\/liege\/sunbeam-sunlounger\/\"\n\t\taria-label=\"Sunbeam \/ Sunlounger\" \t>\n\t\n\t\t<img decoding=\"async\" width=\"1048\" height=\"699\" src=\"https:\/\/www.design2chill.com\/wp-content\/uploads\/2025\/02\/sunbeam-sunlounger_07.jpg\" class=\"wp-image-7191 lazyload\" alt=\"Design 2 Chill - Sunbeam - Sunlounger 07\" srcset=\"data:image\/svg+xml,%3Csvg%20xmlns%3D%27http%3A%2F%2Fwww.w3.org%2F2000%2Fsvg%27%20width%3D%271048%27%20height%3D%27699%27%20viewBox%3D%270%200%201048%20699%27%3E%3Crect%20width%3D%271048%27%20height%3D%27699%27%20fill-opacity%3D%220%22%2F%3E%3C%2Fsvg%3E\" data-orig-src=\"https:\/\/www.design2chill.com\/wp-content\/uploads\/2025\/02\/sunbeam-sunlounger_07.jpg\" data-srcset=\"https:\/\/www.design2chill.com\/wp-content\/uploads\/2025\/02\/sunbeam-sunlounger_07-200x133.jpg 200w, https:\/\/www.design2chill.com\/wp-content\/uploads\/2025\/02\/sunbeam-sunlounger_07-300x200.jpg 300w, https:\/\/www.design2chill.com\/wp-content\/uploads\/2025\/02\/sunbeam-sunlounger_07-400x267.jpg 400w, https:\/\/www.design2chill.com\/wp-content\/uploads\/2025\/02\/sunbeam-sunlounger_07-500x333.jpg 500w, https:\/\/www.design2chill.com\/wp-content\/uploads\/2025\/02\/sunbeam-sunlounger_07-600x400.jpg 600w, https:\/\/www.design2chill.com\/wp-content\/uploads\/2025\/02\/sunbeam-sunlounger_07-768x512.jpg 768w, https:\/\/www.design2chill.com\/wp-content\/uploads\/2025\/02\/sunbeam-sunlounger_07-800x534.jpg 800w, https:\/\/www.design2chill.com\/wp-content\/uploads\/2025\/02\/sunbeam-sunlounger_07-1024x683.jpg 1024w, https:\/\/www.design2chill.com\/wp-content\/uploads\/2025\/02\/sunbeam-sunlounger_07.jpg 1048w\" data-sizes=\"auto\" \/>\n\t\t<\/a>\t<\/div>\n<\/div>\n\t<figcaption class=\"vp-portfolio__item-overlay vp-portfolio__item-overlay-text-align-bottom-center\">\n\t\t<div class=\"vp-portfolio__item-meta-wrap vp-portfolio__custom-scrollbar\">\n\t\t\t\t<a\n\t\thref=\"https:\/\/www.design2chill.com\/de\/liege\/sunbeam-sunlounger\/\"\n\t\ttabindex=\"-1\" class=\"vp-portfolio__item-meta\" aria-label=\"Sunbeam \/ Sunlounger\" \t>\n\t\n<h2 class=\"vp-portfolio__item-meta-title\">\n\tSunbeam \/ Sunlounger<\/h2>\n<\/a>\t\t<\/div>\n\t<\/figcaption>\n\t\t\t<\/figure>\n\t\t\t\t\t<\/article>\n\t\t\n\t\t<article\t\tclass=\"vp-portfolio__item-wrap post-10089 post type-post status-publish format-standard has-post-thumbnail hentry category-liege vp-portfolio__item-uid-17486fcc\" data-vp-filter=\"liege\" \t\t>\n\t\t\t\t\t\t\t\t\t<figure class=\"vp-portfolio__item\">\n\t\t\t\t\n<div class=\"vp-portfolio__item-img-wrap\">\n\t<div class=\"vp-portfolio__item-img\">\n\t\t\t<a\n\t\thref=\"https:\/\/www.design2chill.com\/de\/liege\/wave-wave-deluxe-wave-light\/\"\n\t\taria-label=\"Wave, Wave Deluxe &amp; Wave Light\" \t>\n\t\n\t\t<img decoding=\"async\" width=\"1048\" height=\"699\" src=\"https:\/\/www.design2chill.com\/wp-content\/uploads\/2025\/01\/wave_daybeds_cover.jpg\" class=\"wp-image-7853 lazyload\" alt=\"Design2Chill - Wave\" srcset=\"data:image\/svg+xml,%3Csvg%20xmlns%3D%27http%3A%2F%2Fwww.w3.org%2F2000%2Fsvg%27%20width%3D%271048%27%20height%3D%27699%27%20viewBox%3D%270%200%201048%20699%27%3E%3Crect%20width%3D%271048%27%20height%3D%27699%27%20fill-opacity%3D%220%22%2F%3E%3C%2Fsvg%3E\" data-orig-src=\"https:\/\/www.design2chill.com\/wp-content\/uploads\/2025\/01\/wave_daybeds_cover.jpg\" data-srcset=\"https:\/\/www.design2chill.com\/wp-content\/uploads\/2025\/01\/wave_daybeds_cover-200x133.jpg 200w, https:\/\/www.design2chill.com\/wp-content\/uploads\/2025\/01\/wave_daybeds_cover-300x200.jpg 300w, https:\/\/www.design2chill.com\/wp-content\/uploads\/2025\/01\/wave_daybeds_cover-400x267.jpg 400w, https:\/\/www.design2chill.com\/wp-content\/uploads\/2025\/01\/wave_daybeds_cover-500x333.jpg 500w, https:\/\/www.design2chill.com\/wp-content\/uploads\/2025\/01\/wave_daybeds_cover-600x400.jpg 600w, https:\/\/www.design2chill.com\/wp-content\/uploads\/2025\/01\/wave_daybeds_cover-768x512.jpg 768w, https:\/\/www.design2chill.com\/wp-content\/uploads\/2025\/01\/wave_daybeds_cover-800x534.jpg 800w, https:\/\/www.design2chill.com\/wp-content\/uploads\/2025\/01\/wave_daybeds_cover-1024x683.jpg 1024w, https:\/\/www.design2chill.com\/wp-content\/uploads\/2025\/01\/wave_daybeds_cover.jpg 1048w\" data-sizes=\"auto\" \/>\n\t\t<\/a>\t<\/div>\n<\/div>\n\t<figcaption class=\"vp-portfolio__item-overlay vp-portfolio__item-overlay-text-align-bottom-center\">\n\t\t<div class=\"vp-portfolio__item-meta-wrap vp-portfolio__custom-scrollbar\">\n\t\t\t\t<a\n\t\thref=\"https:\/\/www.design2chill.com\/de\/liege\/wave-wave-deluxe-wave-light\/\"\n\t\ttabindex=\"-1\" class=\"vp-portfolio__item-meta\" aria-label=\"Wave, Wave Deluxe &amp; Wave Light\" \t>\n\t\n<h2 class=\"vp-portfolio__item-meta-title\">\n\tWave, Wave Deluxe &amp; Wave Light<\/h2>\n<\/a>\t\t<\/div>\n\t<\/figcaption>\n\t\t\t<\/figure>\n\t\t\t\t\t<\/article>\n\t\t\n<\/div>\n\t\t<\/div>\n\t\t\t\t<div class=\"vp-portfolio__layout-elements vp-portfolio__layout-elements-bottom vp-portfolio__layout-elements-align-center\">\n\t\t\t\t<div class=\"vp-portfolio__pagination-wrap\">\n\t\t\t\t<\/div>\n\t\t\t\t<\/div>\n\t\t\n<\/div>\n\n<\/div><\/div><\/div><\/div><\/div><\/p>\n","protected":false},"excerpt":{"rendered":"","protected":false},"author":1,"featured_media":0,"parent":10126,"menu_order":0,"comment_status":"closed","ping_status":"closed","template":"100-width.php","meta":{"_acf_changed":false,"_vp_format_video_url":"","_vp_image_focal_point":[],"footnotes":""},"class_list":["post-10146","page","type-page","status-publish","hentry"],"acf":[],"_links":{"self":[{"href":"https:\/\/www.design2chill.com\/de\/wp-json\/wp\/v2\/pages\/10146","targetHints":{"allow":["GET"]}}],"collection":[{"href":"https:\/\/www.design2chill.com\/de\/wp-json\/wp\/v2\/pages"}],"about":[{"href":"https:\/\/www.design2chill.com\/de\/wp-json\/wp\/v2\/types\/page"}],"author":[{"embeddable":true,"href":"https:\/\/www.design2chill.com\/de\/wp-json\/wp\/v2\/users\/1"}],"replies":[{"embeddable":true,"href":"https:\/\/www.design2chill.com\/de\/wp-json\/wp\/v2\/comments?post=10146"}],"version-history":[{"count":3,"href":"https:\/\/www.design2chill.com\/de\/wp-json\/wp\/v2\/pages\/10146\/revisions"}],"predecessor-version":[{"id":10154,"href":"https:\/\/www.design2chill.com\/de\/wp-json\/wp\/v2\/pages\/10146\/revisions\/10154"}],"up":[{"embeddable":true,"href":"https:\/\/www.design2chill.com\/de\/wp-json\/wp\/v2\/pages\/10126"}],"wp:attachment":[{"href":"https:\/\/www.design2chill.com\/de\/wp-json\/wp\/v2\/media?parent=10146"}],"curies":[{"name":"wp","href":"https:\/\/api.w.org\/{rel}","templated":true}]}}