{"id":10135,"date":"2025-01-30T21:13:53","date_gmt":"2025-01-30T20:13:53","guid":{"rendered":"https:\/\/www.design2chill.com\/kollektion\/dinner\/"},"modified":"2025-03-25T17:15:06","modified_gmt":"2025-03-25T16:15:06","slug":"dinner","status":"publish","type":"page","link":"https:\/\/www.design2chill.com\/de\/kollektion\/dinner\/","title":{"rendered":"Dinner"},"content":{"rendered":"<p><div class=\"fusion-fullwidth fullwidth-box fusion-builder-row-1 fusion-flex-container has-pattern-background has-mask-background hundred-percent-fullwidth non-hundred-percent-height-scrolling\" style=\"--awb-background-position:left top;--awb-border-sizes-top:0px;--awb-border-sizes-bottom:0px;--awb-border-sizes-left:0px;--awb-border-sizes-right:0px;--awb-border-radius-top-left:0px;--awb-border-radius-top-right:0px;--awb-border-radius-bottom-right:0px;--awb-border-radius-bottom-left:0px;--awb-padding-top:0px;--awb-padding-right:10%;--awb-padding-bottom:0px;--awb-padding-left:10%;--awb-margin-top:7%;--awb-flex-wrap:wrap;\" ><div class=\"fusion-builder-row fusion-row fusion-flex-align-items-flex-start fusion-flex-content-wrap\" style=\"width:104% !important;max-width:104% !important;margin-left: calc(-4% \/ 2 );margin-right: calc(-4% \/ 2 );\"><div class=\"fusion-layout-column fusion_builder_column fusion-builder-column-0 fusion_builder_column_1_1 1_1 fusion-flex-column fusion-flex-align-self-flex-start fusion-column-no-min-height\" style=\"--awb-bg-size:cover;--awb-width-large:100%;--awb-margin-top-large:0px;--awb-spacing-right-large:1.92%;--awb-margin-bottom-large:0px;--awb-spacing-left-large:1.92%;--awb-width-medium:100%;--awb-spacing-right-medium:1.92%;--awb-spacing-left-medium:1.92%;--awb-width-small:100%;--awb-spacing-right-small:1.92%;--awb-spacing-left-small:1.92%;\"><div class=\"fusion-column-wrapper fusion-flex-justify-content-flex-start fusion-content-layout-column\"><div class=\"fusion-title title fusion-title-1 fusion-sep-none fusion-title-text fusion-title-size-one\" style=\"--awb-margin-top-small:0px;--awb-margin-right-small:0px;--awb-margin-bottom-small:20px;--awb-margin-left-small:0px;\"><h1 class=\"fusion-title-heading title-heading-left fusion-responsive-typography-calculated\" style=\"margin:0;text-transform:capitalize;--fontSize:52;line-height:1;\">Dinner<\/h1><\/div><div class=\"fusion-text fusion-text-1\"><p>Alle unsere Keramik-, Beistell-, Lounge-, Ess- und Stehtische liefern wir in jeder gew\u00fcnschten Form und Gr\u00f6\u00dfe in \u00fcber 120 trendigen Beton-, Marmor- und Holzoptiken. Wir k\u00f6nnen die Sockel in jeder gew\u00fcnschten RAL-Farbe pulverbeschichten. Optional kann in jeden Keramik-Loungeblock und Tisch ein runder, quadratischer oder rechteckiger Kamin und\/oder ein Sektk\u00fchler integriert werden.<\/p>\n<p>Kein Wartungsaufwand mehr, aber das Aussehen und die Haptik von echtem Teakholz. In 8 Farben erh\u00e4ltlich.<\/p>\n<p>Aus diesem einzigartigen Material fertigen wir Lounge-, Dinner- und Stehtische in jeder gew\u00fcnschten Gr\u00f6\u00dfe und Form mit zahlreichen Untergestellen. Wir k\u00f6nnen die Sockel in jeder gew\u00fcnschten RAL-Farbe pulverbeschichten. Zu jedem Ess- und Stehtisch haben wir selbstverst\u00e4ndlich auch den passenden Stuhl oder Barhocker, der perfekt zum Tisch passt.<\/p>\n<\/div><\/div><\/div><\/div><\/div><div class=\"fusion-fullwidth fullwidth-box fusion-builder-row-2 fusion-flex-container has-pattern-background has-mask-background hundred-percent-fullwidth non-hundred-percent-height-scrolling\" style=\"--awb-background-position:left top;--awb-border-sizes-top:0px;--awb-border-sizes-bottom:0px;--awb-border-sizes-left:0px;--awb-border-sizes-right:0px;--awb-border-radius-top-left:0px;--awb-border-radius-top-right:0px;--awb-border-radius-bottom-right:0px;--awb-border-radius-bottom-left:0px;--awb-padding-top:0px;--awb-padding-right:10%;--awb-padding-bottom:0px;--awb-padding-left:10%;--awb-margin-top:4%;--awb-flex-wrap:wrap;\" ><div class=\"fusion-builder-row fusion-row fusion-flex-align-items-flex-start fusion-flex-content-wrap\" style=\"width:104% !important;max-width:104% !important;margin-left: calc(-4% \/ 2 );margin-right: calc(-4% \/ 2 );\"><div class=\"fusion-layout-column fusion_builder_column fusion-builder-column-1 fusion_builder_column_1_1 1_1 fusion-flex-column fusion-flex-align-self-flex-start fusion-column-no-min-height\" style=\"--awb-bg-size:cover;--awb-width-large:100%;--awb-margin-top-large:0px;--awb-spacing-right-large:1.92%;--awb-margin-bottom-large:0px;--awb-spacing-left-large:1.92%;--awb-width-medium:100%;--awb-spacing-right-medium:1.92%;--awb-spacing-left-medium:1.92%;--awb-width-small:100%;--awb-spacing-right-small:1.92%;--awb-spacing-left-small:1.92%;\"><div class=\"fusion-column-wrapper fusion-flex-justify-content-flex-start fusion-content-layout-column\"><div class=\"fusion-text fusion-text-2\">\n<div class=\"vp-portfolio vp-uid-9c497ea3 vp-id-10139 \"\n\tdata-vp-layout=\"tiles\" data-vp-content-source=\"post-based\" data-vp-items-style=\"fade\" data-vp-items-click-action=\"url\" data-vp-items-gap=\"15\" data-vp-items-gap-vertical=\"\" data-vp-pagination=\"load-more\" data-vp-next-page-url=\"\" data-vp-tiles-type=\"3|1,0.8|\" >\n\t<div class=\"vp-portfolio__preloader-wrap\">\n\t\t<div class=\"vp-portfolio__preloader\">\n\t\t\t<img class=\"lazyload\" decoding=\"async\" loading=\"eager\" src=\"data:image\/svg+xml,%3Csvg%20xmlns%3D%27http%3A%2F%2Fwww.w3.org%2F2000%2Fsvg%27%20width%3D%2720%27%20height%3D%2720%27%20viewBox%3D%270%200%2020%2020%27%3E%3Crect%20width%3D%2720%27%20height%3D%2720%27%20fill-opacity%3D%220%22%2F%3E%3C%2Fsvg%3E\" data-orig-src=\"https:\/\/www.design2chill.com\/wp-content\/plugins\/visual-portfolio\/assets\/images\/logo-dark.svg\" alt=\"Visual Portfolio, Posts &amp; Image Gallery for WordPress\" width=\"20\" height=\"20\" data-skip-lazy>\n\t\t<\/div>\n\t<\/div>\n\t\t<div class=\"vp-portfolio__items-wrap\">\n\t\t\t\n<div class=\"vp-portfolio__items vp-portfolio__items-style-fade vp-portfolio__items-show-overlay-always\">\n\n\t\t<article\t\tclass=\"vp-portfolio__item-wrap post-10206 post type-post status-publish format-standard has-post-thumbnail hentry category-dinner vp-portfolio__item-uid-4caa2c3b\" data-vp-filter=\"dinner\" \t\t>\n\t\t\t\t\t\t\t\t\t<figure class=\"vp-portfolio__item\">\n\t\t\t\t\n<div class=\"vp-portfolio__item-img-wrap\">\n\t<div class=\"vp-portfolio__item-img\">\n\t\t\t<a\n\t\thref=\"https:\/\/www.design2chill.com\/de\/dinner\/24seven-2\/\"\n\t\taria-label=\"24Seven\" \t>\n\t\n\t\t<img decoding=\"async\" width=\"1048\" height=\"699\" src=\"https:\/\/www.design2chill.com\/wp-content\/uploads\/2025\/01\/24-7_dinner_cover.jpg\" class=\"wp-image-7840 lazyload\" alt=\"Design2Chill - 24 Seven\" srcset=\"data:image\/svg+xml,%3Csvg%20xmlns%3D%27http%3A%2F%2Fwww.w3.org%2F2000%2Fsvg%27%20width%3D%271048%27%20height%3D%27699%27%20viewBox%3D%270%200%201048%20699%27%3E%3Crect%20width%3D%271048%27%20height%3D%27699%27%20fill-opacity%3D%220%22%2F%3E%3C%2Fsvg%3E\" data-orig-src=\"https:\/\/www.design2chill.com\/wp-content\/uploads\/2025\/01\/24-7_dinner_cover.jpg\" data-srcset=\"https:\/\/www.design2chill.com\/wp-content\/uploads\/2025\/01\/24-7_dinner_cover-200x133.jpg 200w, https:\/\/www.design2chill.com\/wp-content\/uploads\/2025\/01\/24-7_dinner_cover-300x200.jpg 300w, https:\/\/www.design2chill.com\/wp-content\/uploads\/2025\/01\/24-7_dinner_cover-400x267.jpg 400w, https:\/\/www.design2chill.com\/wp-content\/uploads\/2025\/01\/24-7_dinner_cover-500x333.jpg 500w, https:\/\/www.design2chill.com\/wp-content\/uploads\/2025\/01\/24-7_dinner_cover-600x400.jpg 600w, https:\/\/www.design2chill.com\/wp-content\/uploads\/2025\/01\/24-7_dinner_cover-768x512.jpg 768w, https:\/\/www.design2chill.com\/wp-content\/uploads\/2025\/01\/24-7_dinner_cover-800x534.jpg 800w, https:\/\/www.design2chill.com\/wp-content\/uploads\/2025\/01\/24-7_dinner_cover-1024x683.jpg 1024w, https:\/\/www.design2chill.com\/wp-content\/uploads\/2025\/01\/24-7_dinner_cover.jpg 1048w\" data-sizes=\"auto\" \/>\n\t\t<\/a>\t<\/div>\n<\/div>\n\t<figcaption class=\"vp-portfolio__item-overlay vp-portfolio__item-overlay-text-align-bottom-center\">\n\t\t<div class=\"vp-portfolio__item-meta-wrap vp-portfolio__custom-scrollbar\">\n\t\t\t\t<a\n\t\thref=\"https:\/\/www.design2chill.com\/de\/dinner\/24seven-2\/\"\n\t\ttabindex=\"-1\" class=\"vp-portfolio__item-meta\" aria-label=\"24Seven\" \t>\n\t\n<h2 class=\"vp-portfolio__item-meta-title\">\n\t24Seven<\/h2>\n<\/a>\t\t<\/div>\n\t<\/figcaption>\n\t\t\t<\/figure>\n\t\t\t\t\t<\/article>\n\t\t\n\t\t<article\t\tclass=\"vp-portfolio__item-wrap post-10178 post type-post status-publish format-standard has-post-thumbnail hentry category-dinner vp-portfolio__item-uid-e61529a2\" data-vp-filter=\"dinner\" \t\t>\n\t\t\t\t\t\t\t\t\t<figure class=\"vp-portfolio__item\">\n\t\t\t\t\n<div class=\"vp-portfolio__item-img-wrap\">\n\t<div class=\"vp-portfolio__item-img\">\n\t\t\t<a\n\t\thref=\"https:\/\/www.design2chill.com\/de\/dinner\/madiha\/\"\n\t\taria-label=\"Madiha\" \t>\n\t\n\t\t<img decoding=\"async\" width=\"1048\" height=\"699\" src=\"https:\/\/www.design2chill.com\/wp-content\/uploads\/2025\/01\/madiha_dinner_06.jpg\" class=\"wp-image-7072 lazyload\" alt=\"Design 2 Chill - Madiha Dinner 06\" srcset=\"data:image\/svg+xml,%3Csvg%20xmlns%3D%27http%3A%2F%2Fwww.w3.org%2F2000%2Fsvg%27%20width%3D%271048%27%20height%3D%27699%27%20viewBox%3D%270%200%201048%20699%27%3E%3Crect%20width%3D%271048%27%20height%3D%27699%27%20fill-opacity%3D%220%22%2F%3E%3C%2Fsvg%3E\" data-orig-src=\"https:\/\/www.design2chill.com\/wp-content\/uploads\/2025\/01\/madiha_dinner_06.jpg\" data-srcset=\"https:\/\/www.design2chill.com\/wp-content\/uploads\/2025\/01\/madiha_dinner_06-200x133.jpg 200w, https:\/\/www.design2chill.com\/wp-content\/uploads\/2025\/01\/madiha_dinner_06-300x200.jpg 300w, https:\/\/www.design2chill.com\/wp-content\/uploads\/2025\/01\/madiha_dinner_06-400x267.jpg 400w, https:\/\/www.design2chill.com\/wp-content\/uploads\/2025\/01\/madiha_dinner_06-500x333.jpg 500w, https:\/\/www.design2chill.com\/wp-content\/uploads\/2025\/01\/madiha_dinner_06-600x400.jpg 600w, https:\/\/www.design2chill.com\/wp-content\/uploads\/2025\/01\/madiha_dinner_06-768x512.jpg 768w, https:\/\/www.design2chill.com\/wp-content\/uploads\/2025\/01\/madiha_dinner_06-800x534.jpg 800w, https:\/\/www.design2chill.com\/wp-content\/uploads\/2025\/01\/madiha_dinner_06-1024x683.jpg 1024w, https:\/\/www.design2chill.com\/wp-content\/uploads\/2025\/01\/madiha_dinner_06.jpg 1048w\" data-sizes=\"auto\" \/>\n\t\t<\/a>\t<\/div>\n<\/div>\n\t<figcaption class=\"vp-portfolio__item-overlay vp-portfolio__item-overlay-text-align-bottom-center\">\n\t\t<div class=\"vp-portfolio__item-meta-wrap vp-portfolio__custom-scrollbar\">\n\t\t\t\t<a\n\t\thref=\"https:\/\/www.design2chill.com\/de\/dinner\/madiha\/\"\n\t\ttabindex=\"-1\" class=\"vp-portfolio__item-meta\" aria-label=\"Madiha\" \t>\n\t\n<h2 class=\"vp-portfolio__item-meta-title\">\n\tMadiha<\/h2>\n<\/a>\t\t<\/div>\n\t<\/figcaption>\n\t\t\t<\/figure>\n\t\t\t\t\t<\/article>\n\t\t\n\t\t<article\t\tclass=\"vp-portfolio__item-wrap post-10184 post type-post status-publish format-standard has-post-thumbnail hentry category-dinner vp-portfolio__item-uid-683b7946\" data-vp-filter=\"dinner\" \t\t>\n\t\t\t\t\t\t\t\t\t<figure class=\"vp-portfolio__item\">\n\t\t\t\t\n<div class=\"vp-portfolio__item-img-wrap\">\n\t<div class=\"vp-portfolio__item-img\">\n\t\t\t<a\n\t\thref=\"https:\/\/www.design2chill.com\/de\/dinner\/the-forrest\/\"\n\t\taria-label=\"The Forrest\" \t>\n\t\n\t\t<img decoding=\"async\" width=\"1048\" height=\"699\" src=\"https:\/\/www.design2chill.com\/wp-content\/uploads\/2025\/01\/forrest_dinner_cover.jpg\" class=\"wp-image-7846 lazyload\" alt=\"Design2Chill - Forrest\" srcset=\"data:image\/svg+xml,%3Csvg%20xmlns%3D%27http%3A%2F%2Fwww.w3.org%2F2000%2Fsvg%27%20width%3D%271048%27%20height%3D%27699%27%20viewBox%3D%270%200%201048%20699%27%3E%3Crect%20width%3D%271048%27%20height%3D%27699%27%20fill-opacity%3D%220%22%2F%3E%3C%2Fsvg%3E\" data-orig-src=\"https:\/\/www.design2chill.com\/wp-content\/uploads\/2025\/01\/forrest_dinner_cover.jpg\" data-srcset=\"https:\/\/www.design2chill.com\/wp-content\/uploads\/2025\/01\/forrest_dinner_cover-200x133.jpg 200w, https:\/\/www.design2chill.com\/wp-content\/uploads\/2025\/01\/forrest_dinner_cover-300x200.jpg 300w, https:\/\/www.design2chill.com\/wp-content\/uploads\/2025\/01\/forrest_dinner_cover-400x267.jpg 400w, https:\/\/www.design2chill.com\/wp-content\/uploads\/2025\/01\/forrest_dinner_cover-500x333.jpg 500w, https:\/\/www.design2chill.com\/wp-content\/uploads\/2025\/01\/forrest_dinner_cover-600x400.jpg 600w, https:\/\/www.design2chill.com\/wp-content\/uploads\/2025\/01\/forrest_dinner_cover-768x512.jpg 768w, https:\/\/www.design2chill.com\/wp-content\/uploads\/2025\/01\/forrest_dinner_cover-800x534.jpg 800w, https:\/\/www.design2chill.com\/wp-content\/uploads\/2025\/01\/forrest_dinner_cover-1024x683.jpg 1024w, https:\/\/www.design2chill.com\/wp-content\/uploads\/2025\/01\/forrest_dinner_cover.jpg 1048w\" data-sizes=\"auto\" \/>\n\t\t<\/a>\t<\/div>\n<\/div>\n\t<figcaption class=\"vp-portfolio__item-overlay vp-portfolio__item-overlay-text-align-bottom-center\">\n\t\t<div class=\"vp-portfolio__item-meta-wrap vp-portfolio__custom-scrollbar\">\n\t\t\t\t<a\n\t\thref=\"https:\/\/www.design2chill.com\/de\/dinner\/the-forrest\/\"\n\t\ttabindex=\"-1\" class=\"vp-portfolio__item-meta\" aria-label=\"The Forrest\" \t>\n\t\n<h2 class=\"vp-portfolio__item-meta-title\">\n\tThe Forrest<\/h2>\n<\/a>\t\t<\/div>\n\t<\/figcaption>\n\t\t\t<\/figure>\n\t\t\t\t\t<\/article>\n\t\t\n\t\t<article\t\tclass=\"vp-portfolio__item-wrap post-10220 post type-post status-publish format-standard has-post-thumbnail hentry category-dinner vp-portfolio__item-uid-97ffeb8c\" data-vp-filter=\"dinner\" \t\t>\n\t\t\t\t\t\t\t\t\t<figure class=\"vp-portfolio__item\">\n\t\t\t\t\n<div class=\"vp-portfolio__item-img-wrap\">\n\t<div class=\"vp-portfolio__item-img\">\n\t\t\t<a\n\t\thref=\"https:\/\/www.design2chill.com\/de\/dinner\/s-teak-tischplatten\/\"\n\t\taria-label=\"S-Teak-Tischplatten\" \t>\n\t\n\t\t<img decoding=\"async\" width=\"1048\" height=\"699\" src=\"https:\/\/www.design2chill.com\/wp-content\/uploads\/2025\/02\/s-teak_tables_04.jpg\" class=\"wp-image-7935 lazyload\" alt=\"Design2Chill - S-Teak Tables 0\" srcset=\"data:image\/svg+xml,%3Csvg%20xmlns%3D%27http%3A%2F%2Fwww.w3.org%2F2000%2Fsvg%27%20width%3D%271048%27%20height%3D%27699%27%20viewBox%3D%270%200%201048%20699%27%3E%3Crect%20width%3D%271048%27%20height%3D%27699%27%20fill-opacity%3D%220%22%2F%3E%3C%2Fsvg%3E\" data-orig-src=\"https:\/\/www.design2chill.com\/wp-content\/uploads\/2025\/02\/s-teak_tables_04.jpg\" data-srcset=\"https:\/\/www.design2chill.com\/wp-content\/uploads\/2025\/02\/s-teak_tables_04-200x133.jpg 200w, https:\/\/www.design2chill.com\/wp-content\/uploads\/2025\/02\/s-teak_tables_04-300x200.jpg 300w, https:\/\/www.design2chill.com\/wp-content\/uploads\/2025\/02\/s-teak_tables_04-400x267.jpg 400w, https:\/\/www.design2chill.com\/wp-content\/uploads\/2025\/02\/s-teak_tables_04-500x333.jpg 500w, https:\/\/www.design2chill.com\/wp-content\/uploads\/2025\/02\/s-teak_tables_04-600x400.jpg 600w, https:\/\/www.design2chill.com\/wp-content\/uploads\/2025\/02\/s-teak_tables_04-768x512.jpg 768w, https:\/\/www.design2chill.com\/wp-content\/uploads\/2025\/02\/s-teak_tables_04-800x534.jpg 800w, https:\/\/www.design2chill.com\/wp-content\/uploads\/2025\/02\/s-teak_tables_04-1024x683.jpg 1024w, https:\/\/www.design2chill.com\/wp-content\/uploads\/2025\/02\/s-teak_tables_04.jpg 1048w\" data-sizes=\"auto\" \/>\n\t\t<\/a>\t<\/div>\n<\/div>\n\t<figcaption class=\"vp-portfolio__item-overlay vp-portfolio__item-overlay-text-align-bottom-center\">\n\t\t<div class=\"vp-portfolio__item-meta-wrap vp-portfolio__custom-scrollbar\">\n\t\t\t\t<a\n\t\thref=\"https:\/\/www.design2chill.com\/de\/dinner\/s-teak-tischplatten\/\"\n\t\ttabindex=\"-1\" class=\"vp-portfolio__item-meta\" aria-label=\"S-Teak-Tischplatten\" \t>\n\t\n<h2 class=\"vp-portfolio__item-meta-title\">\n\tS-Teak-Tischplatten<\/h2>\n<\/a>\t\t<\/div>\n\t<\/figcaption>\n\t\t\t<\/figure>\n\t\t\t\t\t<\/article>\n\t\t\n\t\t<article\t\tclass=\"vp-portfolio__item-wrap post-10211 post type-post status-publish format-standard has-post-thumbnail hentry category-dinner vp-portfolio__item-uid-cbd588d9\" data-vp-filter=\"dinner\" \t\t>\n\t\t\t\t\t\t\t\t\t<figure class=\"vp-portfolio__item\">\n\t\t\t\t\n<div class=\"vp-portfolio__item-img-wrap\">\n\t<div class=\"vp-portfolio__item-img\">\n\t\t\t<a\n\t\thref=\"https:\/\/www.design2chill.com\/de\/dinner\/lounge-auf-diner-moebel\/\"\n\t\taria-label=\"Lounge auf Diner M\u00f6bel\" \t>\n\t\n\t\t<img decoding=\"async\" width=\"1048\" height=\"699\" src=\"https:\/\/www.design2chill.com\/wp-content\/uploads\/2025\/02\/lounge_at_dinner_08.jpg\" class=\"wp-image-7974 lazyload\" alt=\"Design2Chill - Lounge at Dinner 08\" srcset=\"data:image\/svg+xml,%3Csvg%20xmlns%3D%27http%3A%2F%2Fwww.w3.org%2F2000%2Fsvg%27%20width%3D%271048%27%20height%3D%27699%27%20viewBox%3D%270%200%201048%20699%27%3E%3Crect%20width%3D%271048%27%20height%3D%27699%27%20fill-opacity%3D%220%22%2F%3E%3C%2Fsvg%3E\" data-orig-src=\"https:\/\/www.design2chill.com\/wp-content\/uploads\/2025\/02\/lounge_at_dinner_08.jpg\" data-srcset=\"https:\/\/www.design2chill.com\/wp-content\/uploads\/2025\/02\/lounge_at_dinner_08-200x133.jpg 200w, https:\/\/www.design2chill.com\/wp-content\/uploads\/2025\/02\/lounge_at_dinner_08-300x200.jpg 300w, https:\/\/www.design2chill.com\/wp-content\/uploads\/2025\/02\/lounge_at_dinner_08-400x267.jpg 400w, https:\/\/www.design2chill.com\/wp-content\/uploads\/2025\/02\/lounge_at_dinner_08-500x333.jpg 500w, https:\/\/www.design2chill.com\/wp-content\/uploads\/2025\/02\/lounge_at_dinner_08-600x400.jpg 600w, https:\/\/www.design2chill.com\/wp-content\/uploads\/2025\/02\/lounge_at_dinner_08-768x512.jpg 768w, https:\/\/www.design2chill.com\/wp-content\/uploads\/2025\/02\/lounge_at_dinner_08-800x534.jpg 800w, https:\/\/www.design2chill.com\/wp-content\/uploads\/2025\/02\/lounge_at_dinner_08-1024x683.jpg 1024w, https:\/\/www.design2chill.com\/wp-content\/uploads\/2025\/02\/lounge_at_dinner_08.jpg 1048w\" data-sizes=\"auto\" \/>\n\t\t<\/a>\t<\/div>\n<\/div>\n\t<figcaption class=\"vp-portfolio__item-overlay vp-portfolio__item-overlay-text-align-bottom-center\">\n\t\t<div class=\"vp-portfolio__item-meta-wrap vp-portfolio__custom-scrollbar\">\n\t\t\t\t<a\n\t\thref=\"https:\/\/www.design2chill.com\/de\/dinner\/lounge-auf-diner-moebel\/\"\n\t\ttabindex=\"-1\" class=\"vp-portfolio__item-meta\" aria-label=\"Lounge auf Diner M\u00f6bel\" \t>\n\t\n<h2 class=\"vp-portfolio__item-meta-title\">\n\tLounge auf Diner M\u00f6bel<\/h2>\n<\/a>\t\t<\/div>\n\t<\/figcaption>\n\t\t\t<\/figure>\n\t\t\t\t\t<\/article>\n\t\t\n\t\t<article\t\tclass=\"vp-portfolio__item-wrap post-10223 post type-post status-publish format-standard has-post-thumbnail hentry category-dinner vp-portfolio__item-uid-0ef6ba36\" data-vp-filter=\"dinner\" \t\t>\n\t\t\t\t\t\t\t\t\t<figure class=\"vp-portfolio__item\">\n\t\t\t\t\n<div class=\"vp-portfolio__item-img-wrap\">\n\t<div class=\"vp-portfolio__item-img\">\n\t\t\t<a\n\t\thref=\"https:\/\/www.design2chill.com\/de\/dinner\/fire-ice\/\"\n\t\taria-label=\"Fire &amp; Ice\" \t>\n\t\n\t\t<img decoding=\"async\" width=\"1048\" height=\"699\" src=\"https:\/\/www.design2chill.com\/wp-content\/uploads\/2025\/02\/fire_ice_03.jpg\" class=\"wp-image-8026 lazyload\" alt=\"Design2Chill - Fire &amp; Ice 03\" srcset=\"data:image\/svg+xml,%3Csvg%20xmlns%3D%27http%3A%2F%2Fwww.w3.org%2F2000%2Fsvg%27%20width%3D%271048%27%20height%3D%27699%27%20viewBox%3D%270%200%201048%20699%27%3E%3Crect%20width%3D%271048%27%20height%3D%27699%27%20fill-opacity%3D%220%22%2F%3E%3C%2Fsvg%3E\" data-orig-src=\"https:\/\/www.design2chill.com\/wp-content\/uploads\/2025\/02\/fire_ice_03.jpg\" data-srcset=\"https:\/\/www.design2chill.com\/wp-content\/uploads\/2025\/02\/fire_ice_03-200x133.jpg 200w, https:\/\/www.design2chill.com\/wp-content\/uploads\/2025\/02\/fire_ice_03-300x200.jpg 300w, https:\/\/www.design2chill.com\/wp-content\/uploads\/2025\/02\/fire_ice_03-400x267.jpg 400w, https:\/\/www.design2chill.com\/wp-content\/uploads\/2025\/02\/fire_ice_03-500x333.jpg 500w, https:\/\/www.design2chill.com\/wp-content\/uploads\/2025\/02\/fire_ice_03-600x400.jpg 600w, https:\/\/www.design2chill.com\/wp-content\/uploads\/2025\/02\/fire_ice_03-768x512.jpg 768w, https:\/\/www.design2chill.com\/wp-content\/uploads\/2025\/02\/fire_ice_03-800x534.jpg 800w, https:\/\/www.design2chill.com\/wp-content\/uploads\/2025\/02\/fire_ice_03-1024x683.jpg 1024w, https:\/\/www.design2chill.com\/wp-content\/uploads\/2025\/02\/fire_ice_03.jpg 1048w\" data-sizes=\"auto\" \/>\n\t\t<\/a>\t<\/div>\n<\/div>\n\t<figcaption class=\"vp-portfolio__item-overlay vp-portfolio__item-overlay-text-align-bottom-center\">\n\t\t<div class=\"vp-portfolio__item-meta-wrap vp-portfolio__custom-scrollbar\">\n\t\t\t\t<a\n\t\thref=\"https:\/\/www.design2chill.com\/de\/dinner\/fire-ice\/\"\n\t\ttabindex=\"-1\" class=\"vp-portfolio__item-meta\" aria-label=\"Fire &amp; Ice\" \t>\n\t\n<h2 class=\"vp-portfolio__item-meta-title\">\n\tFire &amp; Ice<\/h2>\n<\/a>\t\t<\/div>\n\t<\/figcaption>\n\t\t\t<\/figure>\n\t\t\t\t\t<\/article>\n\t\t\n\t\t<article\t\tclass=\"vp-portfolio__item-wrap post-10078 post type-post status-publish format-standard has-post-thumbnail hentry category-dinner vp-portfolio__item-uid-e7d74395\" data-vp-filter=\"dinner\" \t\t>\n\t\t\t\t\t\t\t\t\t<figure class=\"vp-portfolio__item\">\n\t\t\t\t\n<div class=\"vp-portfolio__item-img-wrap\">\n\t<div class=\"vp-portfolio__item-img\">\n\t\t\t<a\n\t\thref=\"https:\/\/www.design2chill.com\/de\/dinner\/keramiktische\/\"\n\t\taria-label=\"Keramiktische\" \t>\n\t\n\t\t<img decoding=\"async\" width=\"1048\" height=\"699\" src=\"https:\/\/www.design2chill.com\/wp-content\/uploads\/2025\/01\/rondo_dinner_cover.jpg\" class=\"wp-image-7843 lazyload\" alt=\"Design2Chill - Rondo\" srcset=\"data:image\/svg+xml,%3Csvg%20xmlns%3D%27http%3A%2F%2Fwww.w3.org%2F2000%2Fsvg%27%20width%3D%271048%27%20height%3D%27699%27%20viewBox%3D%270%200%201048%20699%27%3E%3Crect%20width%3D%271048%27%20height%3D%27699%27%20fill-opacity%3D%220%22%2F%3E%3C%2Fsvg%3E\" data-orig-src=\"https:\/\/www.design2chill.com\/wp-content\/uploads\/2025\/01\/rondo_dinner_cover.jpg\" data-srcset=\"https:\/\/www.design2chill.com\/wp-content\/uploads\/2025\/01\/rondo_dinner_cover-200x133.jpg 200w, https:\/\/www.design2chill.com\/wp-content\/uploads\/2025\/01\/rondo_dinner_cover-300x200.jpg 300w, https:\/\/www.design2chill.com\/wp-content\/uploads\/2025\/01\/rondo_dinner_cover-400x267.jpg 400w, https:\/\/www.design2chill.com\/wp-content\/uploads\/2025\/01\/rondo_dinner_cover-500x333.jpg 500w, https:\/\/www.design2chill.com\/wp-content\/uploads\/2025\/01\/rondo_dinner_cover-600x400.jpg 600w, https:\/\/www.design2chill.com\/wp-content\/uploads\/2025\/01\/rondo_dinner_cover-768x512.jpg 768w, https:\/\/www.design2chill.com\/wp-content\/uploads\/2025\/01\/rondo_dinner_cover-800x534.jpg 800w, https:\/\/www.design2chill.com\/wp-content\/uploads\/2025\/01\/rondo_dinner_cover-1024x683.jpg 1024w, https:\/\/www.design2chill.com\/wp-content\/uploads\/2025\/01\/rondo_dinner_cover.jpg 1048w\" data-sizes=\"auto\" \/>\n\t\t<\/a>\t<\/div>\n<\/div>\n\t<figcaption class=\"vp-portfolio__item-overlay vp-portfolio__item-overlay-text-align-bottom-center\">\n\t\t<div class=\"vp-portfolio__item-meta-wrap vp-portfolio__custom-scrollbar\">\n\t\t\t\t<a\n\t\thref=\"https:\/\/www.design2chill.com\/de\/dinner\/keramiktische\/\"\n\t\ttabindex=\"-1\" class=\"vp-portfolio__item-meta\" aria-label=\"Keramiktische\" \t>\n\t\n<h2 class=\"vp-portfolio__item-meta-title\">\n\tKeramiktische<\/h2>\n<\/a>\t\t<\/div>\n\t<\/figcaption>\n\t\t\t<\/figure>\n\t\t\t\t\t<\/article>\n\t\t\n<\/div>\n\t\t<\/div>\n\t\t\t\t<div class=\"vp-portfolio__layout-elements vp-portfolio__layout-elements-bottom vp-portfolio__layout-elements-align-center\">\n\t\t\t\t<div class=\"vp-portfolio__pagination-wrap\">\n\t\t\t\t<\/div>\n\t\t\t\t<\/div>\n\t\t\n<\/div>\n\n<\/div><\/div><\/div><\/div><\/div><\/p>\n","protected":false},"excerpt":{"rendered":"","protected":false},"author":1,"featured_media":0,"parent":10126,"menu_order":0,"comment_status":"closed","ping_status":"closed","template":"100-width.php","meta":{"_acf_changed":false,"_vp_format_video_url":"","_vp_image_focal_point":[],"footnotes":""},"class_list":["post-10135","page","type-page","status-publish","hentry"],"acf":[],"_links":{"self":[{"href":"https:\/\/www.design2chill.com\/de\/wp-json\/wp\/v2\/pages\/10135","targetHints":{"allow":["GET"]}}],"collection":[{"href":"https:\/\/www.design2chill.com\/de\/wp-json\/wp\/v2\/pages"}],"about":[{"href":"https:\/\/www.design2chill.com\/de\/wp-json\/wp\/v2\/types\/page"}],"author":[{"embeddable":true,"href":"https:\/\/www.design2chill.com\/de\/wp-json\/wp\/v2\/users\/1"}],"replies":[{"embeddable":true,"href":"https:\/\/www.design2chill.com\/de\/wp-json\/wp\/v2\/comments?post=10135"}],"version-history":[{"count":4,"href":"https:\/\/www.design2chill.com\/de\/wp-json\/wp\/v2\/pages\/10135\/revisions"}],"predecessor-version":[{"id":10163,"href":"https:\/\/www.design2chill.com\/de\/wp-json\/wp\/v2\/pages\/10135\/revisions\/10163"}],"up":[{"embeddable":true,"href":"https:\/\/www.design2chill.com\/de\/wp-json\/wp\/v2\/pages\/10126"}],"wp:attachment":[{"href":"https:\/\/www.design2chill.com\/de\/wp-json\/wp\/v2\/media?parent=10135"}],"curies":[{"name":"wp","href":"https:\/\/api.w.org\/{rel}","templated":true}]}}